{"id":11534,"date":"2024-03-08T17:04:34","date_gmt":"2024-03-08T17:04:34","guid":{"rendered":"https:\/\/www.gumchemical.com\/index.php\/homepage\/prr-134\/"},"modified":"2024-03-08T18:01:21","modified_gmt":"2024-03-08T18:01:21","slug":"prr-134","status":"publish","type":"page","link":"https:\/\/www.gumchemical.com\/index.php\/homepage\/prr-134\/?lang=pt-pt","title":{"rendered":"PRR 134"},"content":{"rendered":"<p>[vc_row top=&#8221;100px&#8221; bottom=&#8221;100px&#8221;][vc_column][vc_single_image image=&#8221;11514&#8243; img_size=&#8221;full&#8221; css_animation=&#8221;appear&#8221;][vc_empty_space][vc_column_text css_animation=&#8221;appear&#8221;]<strong>Designa\u00e7\u00e3o do projeto<\/strong> | Descarboniza\u00e7\u00e3o e efici\u00eancia no tratamento de \u00e1guas residuais industriais<\/p>\n<p><strong>Entidade benefici\u00e1ria:<\/strong><br \/>\nGUM CHEMICAL SOLUTIONS, S.A.<\/p>\n<p><strong>Descri\u00e7\u00e3o do projeto, objetivos e resultados esperados\/atingidos:<\/strong><\/p>\n<p>Este Projeto, dinamizado pela <strong>Gum Chemical Solutions<\/strong>, visa a instala\u00e7\u00e3o de uma esta\u00e7\u00e3o de tratamento de \u00e1guas residuais industriais que se constitua como uma alternativa mais eficiente e menos poluidora ao atual sistema de evapora\u00e7\u00e3o de \u00e1guas residuais, que \u00e9 de natureza t\u00e9rmica.<\/p>\n<p>A aposta em tecnologias para o novo processo de tratamento de \u00e1guas permitir\u00e1:<\/p>\n<ul>\n<li>Redu\u00e7\u00e3o brutal do uso de energia f\u00f3ssil, passando o muito menor consumo a ser exclusivamente el\u00e9trico;<\/li>\n<li>Possibilidade de reutiliza\u00e7\u00e3o de parte da \u00e1gua nos processos internos;<\/li>\n<li>Diminui\u00e7\u00e3o brutal dos res\u00edduos a encaminhar para operadores exteriores.<\/li>\n<\/ul>\n<p>Paralelamente, o Projeto contempla a instala\u00e7\u00e3o de uma central fotovoltaica para autoconsumo que possibilite \u00e0 empresa:<\/p>\n<ul>\n<li>Suprimir parte das suas necessidades energ\u00e9ticas;<\/li>\n<li>Reduzir os custos com energia durante o per\u00edodo diurno;<\/li>\n<li>Diminui\u00e7\u00e3o das emiss\u00f5es de CO2 e de combust\u00edveis f\u00f3sseis.<\/li>\n<\/ul>\n<p><strong>O projeto possibilitar\u00e1, \u00e0 empresa, a diminui\u00e7\u00e3o de 57% das atuais emiss\u00f5es de GEE.<\/strong><\/p>\n<p>[\/vc_column_text][\/vc_column][\/vc_row]<\/p>\n","protected":false},"excerpt":{"rendered":"<p>[vc_row top=&#8221;100px&#8221; bottom=&#8221;100px&#8221;][vc_column][vc_single_image image=&#8221;11514&#8243; img_size=&#8221;full&#8221; css_animation=&#8221;appear&#8221;][vc_empty_space][vc_column_text css_animation=&#8221;appear&#8221;]Designa\u00e7\u00e3o do projeto | Descarboniza\u00e7\u00e3o e efici\u00eancia no tratamento de \u00e1guas residuais industriais Entidade benefici\u00e1ria: GUM CHEMICAL SOLUTIONS, S.A. Descri\u00e7\u00e3o do projeto, objetivos e resultados esperados\/atingidos: Este Projeto, dinamizado pela Gum Chemical Solutions, visa a instala\u00e7\u00e3o de uma esta\u00e7\u00e3o de tratamento de \u00e1guas residuais industriais que se constitua como uma alternativa mais eficiente e menos poluidora ao atual sistema de evapora\u00e7\u00e3o de \u00e1guas residuais, que \u00e9 de natureza t\u00e9rmica&#8230;.  <\/p>\n<div class=\"read-more\"><a class=\"excerpt-read-more\" href=\"https:\/\/www.gumchemical.com\/index.php\/homepage\/prr-134\/?lang=pt-pt\" title=\"Continue reading PRR 134\">Read more<i class=\"fa fa-angle-right\"><\/i><\/a><\/div>\n","protected":false},"author":3,"featured_media":0,"parent":8140,"menu_order":0,"comment_status":"closed","ping_status":"closed","template":"page-full-width.php","meta":{"footnotes":""},"class_list":["post-11534","page","type-page","status-publish","hentry"],"_links":{"self":[{"href":"https:\/\/www.gumchemical.com\/index.php\/wp-json\/wp\/v2\/pages\/11534","targetHints":{"allow":["GET"]}}],"collection":[{"href":"https:\/\/www.gumchemical.com\/index.php\/wp-json\/wp\/v2\/pages"}],"about":[{"href":"https:\/\/www.gumchemical.com\/index.php\/wp-json\/wp\/v2\/types\/page"}],"author":[{"embeddable":true,"href":"https:\/\/www.gumchemical.com\/index.php\/wp-json\/wp\/v2\/users\/3"}],"replies":[{"embeddable":true,"href":"https:\/\/www.gumchemical.com\/index.php\/wp-json\/wp\/v2\/comments?post=11534"}],"version-history":[{"count":2,"href":"https:\/\/www.gumchemical.com\/index.php\/wp-json\/wp\/v2\/pages\/11534\/revisions"}],"predecessor-version":[{"id":11536,"href":"https:\/\/www.gumchemical.com\/index.php\/wp-json\/wp\/v2\/pages\/11534\/revisions\/11536"}],"up":[{"embeddable":true,"href":"https:\/\/www.gumchemical.com\/index.php\/wp-json\/wp\/v2\/pages\/8140"}],"wp:attachment":[{"href":"https:\/\/www.gumchemical.com\/index.php\/wp-json\/wp\/v2\/media?parent=11534"}],"curies":[{"name":"wp","href":"https:\/\/api.w.org\/{rel}","templated":true}]}}