{"id":13581,"date":"2025-04-10T18:16:13","date_gmt":"2025-04-10T18:16:13","guid":{"rendered":"https:\/\/www.gumchemical.com\/index.php\/scoring-top-10-2024\/"},"modified":"2025-04-10T18:39:10","modified_gmt":"2025-04-10T18:39:10","slug":"scoring-top-10-2024","status":"publish","type":"page","link":"https:\/\/www.gumchemical.com\/index.php\/scoring-top-10-2024\/?lang=pt-pt","title":{"rendered":"Scoring top 10 2024"},"content":{"rendered":"<p>[vc_row bottom=&#8221;130px&#8221; bg_color=&#8221;#fee9d3&#8243;][vc_column width=&#8221;1\/6&#8243;][\/vc_column][vc_column width=&#8221;2\/3&#8243;][vc_row_inner top=&#8221;30px&#8221; bottom=&#8221;30px&#8221;][vc_column_inner width=&#8221;1\/2&#8243;][vc_single_image image=&#8221;13529&#8243; img_size=&#8221;full&#8221; css_animation=&#8221;left-to-right&#8221;][\/vc_column_inner][vc_column_inner width=&#8221;1\/2&#8243;][vc_empty_space height=&#8221;80px&#8221;][vc_single_image image=&#8221;13548&#8243; img_size=&#8221;full&#8221; onclick=&#8221;custom_link&#8221; img_link_target=&#8221;_blank&#8221; css_animation=&#8221;right-to-left&#8221; link=&#8221;https:\/\/www.gumchemical.com\/wp-content\/uploads\/2025\/04\/GUM-CHEMICAL-SOLUTIONS-510551890-CERTIFICADO-TOP-10-2024.pdf&#8221;][\/vc_column_inner][\/vc_row_inner][vc_column_text css_animation=&#8221;appear&#8221;]<span style=\"font-size: 18px; font-weight: 400; color: #333333;\">A <strong>Gum Chemical Solutions, S.A.<\/strong> foi distinguida com o pr\u00e9mio <strong>\u201cTOP 10 Melhores PME do Setor\u201d<\/strong>, atribu\u00eddo pela <strong>SCORING,<\/strong>\u00a0uma entidade de refer\u00eancia na certifica\u00e7\u00e3o financeira e na consultoria estrat\u00e9gica para pequenas e m\u00e9dias empresas.<\/span><\/p>\n<p><span style=\"font-size: 18px; font-weight: 400; color: #333333;\">Este pr\u00e9mio reconhece empresas que se destacam pelo seu desempenho s\u00f3lido, pela robustez financeira e pelo impacto que geram no setor onde atuam.<\/span><\/p>\n<p><span style=\"font-size: 18px; font-weight: 400; color: #333333;\">Em 2024, a <strong>Gum Chemical Solutions, S.A.<\/strong> provou estar entre as melhores, ao combinar crescimento sustentado com uma gest\u00e3o de excel\u00eancia. <\/span><\/p>\n<p><span style=\"font-size: 18px; font-weight: 400; color: #333333;\">Esta distin\u00e7\u00e3o refor\u00e7a a reputa\u00e7\u00e3o da empresa no mercado e confirma a confian\u00e7a que clientes, colaboradores e parceiros j\u00e1 depositam na marca.<\/span><\/p>\n<p><span style=\"font-size: 18px; font-weight: 400; color: #333333;\">Mais do que um pr\u00e9mio, este reconhecimento \u00e9 o reflexo de um compromisso firme com a qualidade, a inova\u00e7\u00e3o e o futuro. <\/span><\/p>\n<p><span style=\"font-size: 18px; font-weight: 400; color: #333333;\">A <strong>Gum Chemical Solutions, S.A.<\/strong> continua a afirmar-se como uma refer\u00eancia no setor, pronta para novos desafios e conquistas.<\/span>[\/vc_column_text][\/vc_column][vc_column width=&#8221;1\/6&#8243;][\/vc_column][\/vc_row]<\/p>\n","protected":false},"excerpt":{"rendered":"<p>[vc_row bottom=&#8221;130px&#8221; bg_color=&#8221;#fee9d3&#8243;][vc_column width=&#8221;1\/6&#8243;][\/vc_column][vc_column width=&#8221;2\/3&#8243;][vc_row_inner top=&#8221;30px&#8221; bottom=&#8221;30px&#8221;][vc_column_inner width=&#8221;1\/2&#8243;][vc_single_image image=&#8221;13529&#8243; img_size=&#8221;full&#8221; css_animation=&#8221;left-to-right&#8221;][\/vc_column_inner][vc_column_inner width=&#8221;1\/2&#8243;][vc_empty_space height=&#8221;80px&#8221;][vc_single_image image=&#8221;13548&#8243; img_size=&#8221;full&#8221; onclick=&#8221;custom_link&#8221; img_link_target=&#8221;_blank&#8221; css_animation=&#8221;right-to-left&#8221; link=&#8221;https:\/\/www.gumchemical.com\/wp-content\/uploads\/2025\/04\/GUM-CHEMICAL-SOLUTIONS-510551890-CERTIFICADO-TOP-10-2024.pdf&#8221;][\/vc_column_inner][\/vc_row_inner][vc_column_text css_animation=&#8221;appear&#8221;]A Gum Chemical Solutions, S.A. foi distinguida com o pr\u00e9mio \u201cTOP 10 Melhores PME do Setor\u201d, atribu\u00eddo pela SCORING,\u00a0uma entidade de refer\u00eancia na certifica\u00e7\u00e3o financeira e na consultoria estrat\u00e9gica para pequenas e m\u00e9dias empresas. Este pr\u00e9mio reconhece empresas que se destacam pelo seu desempenho s\u00f3lido, pela robustez financeira e pelo impacto que geram no setor onde&#8230;  <\/p>\n<div class=\"read-more\"><a class=\"excerpt-read-more\" href=\"https:\/\/www.gumchemical.com\/index.php\/scoring-top-10-2024\/?lang=pt-pt\" title=\"Continue reading Scoring top 10 2024\">Read more<i class=\"fa fa-angle-right\"><\/i><\/a><\/div>\n","protected":false},"author":3,"featured_media":0,"parent":0,"menu_order":0,"comment_status":"closed","ping_status":"closed","template":"page-full-width.php","meta":{"footnotes":""},"class_list":["post-13581","page","type-page","status-publish","hentry"],"_links":{"self":[{"href":"https:\/\/www.gumchemical.com\/index.php\/wp-json\/wp\/v2\/pages\/13581","targetHints":{"allow":["GET"]}}],"collection":[{"href":"https:\/\/www.gumchemical.com\/index.php\/wp-json\/wp\/v2\/pages"}],"about":[{"href":"https:\/\/www.gumchemical.com\/index.php\/wp-json\/wp\/v2\/types\/page"}],"author":[{"embeddable":true,"href":"https:\/\/www.gumchemical.com\/index.php\/wp-json\/wp\/v2\/users\/3"}],"replies":[{"embeddable":true,"href":"https:\/\/www.gumchemical.com\/index.php\/wp-json\/wp\/v2\/comments?post=13581"}],"version-history":[{"count":2,"href":"https:\/\/www.gumchemical.com\/index.php\/wp-json\/wp\/v2\/pages\/13581\/revisions"}],"predecessor-version":[{"id":13583,"href":"https:\/\/www.gumchemical.com\/index.php\/wp-json\/wp\/v2\/pages\/13581\/revisions\/13583"}],"wp:attachment":[{"href":"https:\/\/www.gumchemical.com\/index.php\/wp-json\/wp\/v2\/media?parent=13581"}],"curies":[{"name":"wp","href":"https:\/\/api.w.org\/{rel}","templated":true}]}}