{"id":13615,"date":"2025-04-10T19:15:01","date_gmt":"2025-04-10T19:15:01","guid":{"rendered":"https:\/\/www.gumchemical.com\/index.php\/caixaesg-2024\/"},"modified":"2025-04-11T10:28:21","modified_gmt":"2025-04-11T10:28:21","slug":"caixaesg-2024","status":"publish","type":"page","link":"https:\/\/www.gumchemical.com\/index.php\/caixaesg-2024\/?lang=pt-pt","title":{"rendered":"CaixaESG 2024"},"content":{"rendered":"<p>[vc_row top=&#8221;0px&#8221; bottom=&#8221;130px&#8221; bg_color=&#8221;#fee9d3&#8243;][vc_column width=&#8221;1\/6&#8243;][\/vc_column][vc_column width=&#8221;2\/3&#8243;][vc_row_inner top=&#8221;30px&#8221; bottom=&#8221;30px&#8221;][vc_column_inner width=&#8221;1\/2&#8243;][vc_empty_space height=&#8221;80px&#8221;][vc_single_image image=&#8221;13592&#8243; img_size=&#8221;full&#8221; css_animation=&#8221;left-to-right&#8221;][\/vc_column_inner][vc_column_inner width=&#8221;1\/2&#8243;][vc_empty_space height=&#8221;80px&#8221;][vc_single_image image=&#8221;13548&#8243; img_size=&#8221;full&#8221; onclick=&#8221;custom_link&#8221; img_link_target=&#8221;_blank&#8221; css_animation=&#8221;right-to-left&#8221; link=&#8221;https:\/\/www.gumchemical.com\/wp-content\/uploads\/2025\/04\/GUM-CHEMICAL-Premio-Caixa-ESG-TP.pdf&#8221;][\/vc_column_inner][\/vc_row_inner][vc_column_text css_animation=&#8221;appear&#8221;]<span style=\"font-size: 18px; font-weight: 400; color: #333333;\">A <strong>Gum Chemical Solutions, S.A.<\/strong> foi distinguida na edi\u00e7\u00e3o de 2024 dos <strong>Pr\u00e9mios Caixa ESG<\/strong>, uma iniciativa promovida pela <strong>Caixa Geral de Dep\u00f3sitos<\/strong> que visa reconhecer as empresas portuguesas que demonstram um forte compromisso com os princ\u00edpios de Sustentabilidade Ambiental, Responsabilidade Social e Governan\u00e7a Corporativa (ESG).<\/span><\/p>\n<p><span style=\"font-size: 18px; font-weight: 400; color: #333333;\">Estes pr\u00e9mios t\u00eam como objetivo valorizar pr\u00e1ticas empresariais sustent\u00e1veis e reconhecer organiza\u00e7\u00f5es que desempenham um papel ativo na promo\u00e7\u00e3o de uma economia mais respons\u00e1vel e ambientalmente consciente.<\/span><\/p>\n<p><span style=\"font-size: 18px; font-weight: 400; color: #333333;\">Na categoria \u201cPr\u00e9mio Caixa ESG\u201d, a <strong>Gum Chemical Solutions, S.A.<\/strong> foi destacada pelo seu rating ESG \u201cForte\u201d, posicionando-se entre as empresas com melhor desempenho entre os 27 setores de atividade econ\u00f3mica considerados nesta edi\u00e7\u00e3o.<\/span><\/p>\n<p><span style=\"font-size: 18px; font-weight: 400; color: #333333;\">Esta distin\u00e7\u00e3o reflete o investimento cont\u00ednuo da empresa na efici\u00eancia ambiental, na responsabilidade social e na ado\u00e7\u00e3o de pr\u00e1ticas de governa\u00e7\u00e3o \u00e9tica, refor\u00e7ando a sua posi\u00e7\u00e3o como refer\u00eancia no setor qu\u00edmico em Portugal.<\/span><\/p>\n<p><span style=\"font-size: 18px; font-weight: 400; color: #333333;\">A <strong>Gum Chemical Solutions, S.A.<\/strong> mant\u00e9m o seu compromisso com a integra\u00e7\u00e3o dos crit\u00e9rios ESG na sua estrat\u00e9gia e opera\u00e7\u00e3o, contribuindo para um futuro mais sustent\u00e1vel, respons\u00e1vel e resiliente.<\/span>[\/vc_column_text][\/vc_column][vc_column width=&#8221;1\/6&#8243;][\/vc_column][\/vc_row]<\/p>\n","protected":false},"excerpt":{"rendered":"<p>[vc_row top=&#8221;0px&#8221; bottom=&#8221;130px&#8221; bg_color=&#8221;#fee9d3&#8243;][vc_column width=&#8221;1\/6&#8243;][\/vc_column][vc_column width=&#8221;2\/3&#8243;][vc_row_inner top=&#8221;30px&#8221; bottom=&#8221;30px&#8221;][vc_column_inner width=&#8221;1\/2&#8243;][vc_empty_space height=&#8221;80px&#8221;][vc_single_image image=&#8221;13592&#8243; img_size=&#8221;full&#8221; css_animation=&#8221;left-to-right&#8221;][\/vc_column_inner][vc_column_inner width=&#8221;1\/2&#8243;][vc_empty_space height=&#8221;80px&#8221;][vc_single_image image=&#8221;13548&#8243; img_size=&#8221;full&#8221; onclick=&#8221;custom_link&#8221; img_link_target=&#8221;_blank&#8221; css_animation=&#8221;right-to-left&#8221; link=&#8221;https:\/\/www.gumchemical.com\/wp-content\/uploads\/2025\/04\/GUM-CHEMICAL-Premio-Caixa-ESG-TP.pdf&#8221;][\/vc_column_inner][\/vc_row_inner][vc_column_text css_animation=&#8221;appear&#8221;]A Gum Chemical Solutions, S.A. foi distinguida na edi\u00e7\u00e3o de 2024 dos Pr\u00e9mios Caixa ESG, uma iniciativa promovida pela Caixa Geral de Dep\u00f3sitos que visa reconhecer as empresas portuguesas que demonstram um forte compromisso com os princ\u00edpios de Sustentabilidade Ambiental, Responsabilidade Social e Governan\u00e7a Corporativa (ESG). Estes pr\u00e9mios t\u00eam como objetivo valorizar pr\u00e1ticas empresariais&#8230;  <\/p>\n<div class=\"read-more\"><a class=\"excerpt-read-more\" href=\"https:\/\/www.gumchemical.com\/index.php\/caixaesg-2024\/?lang=pt-pt\" title=\"Continue reading CaixaESG 2024\">Read more<i class=\"fa fa-angle-right\"><\/i><\/a><\/div>\n","protected":false},"author":3,"featured_media":0,"parent":0,"menu_order":0,"comment_status":"closed","ping_status":"closed","template":"page-full-width.php","meta":{"footnotes":""},"class_list":["post-13615","page","type-page","status-publish","hentry"],"_links":{"self":[{"href":"https:\/\/www.gumchemical.com\/index.php\/wp-json\/wp\/v2\/pages\/13615","targetHints":{"allow":["GET"]}}],"collection":[{"href":"https:\/\/www.gumchemical.com\/index.php\/wp-json\/wp\/v2\/pages"}],"about":[{"href":"https:\/\/www.gumchemical.com\/index.php\/wp-json\/wp\/v2\/types\/page"}],"author":[{"embeddable":true,"href":"https:\/\/www.gumchemical.com\/index.php\/wp-json\/wp\/v2\/users\/3"}],"replies":[{"embeddable":true,"href":"https:\/\/www.gumchemical.com\/index.php\/wp-json\/wp\/v2\/comments?post=13615"}],"version-history":[{"count":3,"href":"https:\/\/www.gumchemical.com\/index.php\/wp-json\/wp\/v2\/pages\/13615\/revisions"}],"predecessor-version":[{"id":13620,"href":"https:\/\/www.gumchemical.com\/index.php\/wp-json\/wp\/v2\/pages\/13615\/revisions\/13620"}],"wp:attachment":[{"href":"https:\/\/www.gumchemical.com\/index.php\/wp-json\/wp\/v2\/media?parent=13615"}],"curies":[{"name":"wp","href":"https:\/\/api.w.org\/{rel}","templated":true}]}}