{"id":6545,"date":"2019-01-30T17:47:38","date_gmt":"2019-01-30T17:47:38","guid":{"rendered":"https:\/\/www.gumchemical.com\/?page_id=6545"},"modified":"2020-05-25T10:45:33","modified_gmt":"2020-05-25T10:45:33","slug":"feder-033677","status":"publish","type":"page","link":"https:\/\/www.gumchemical.com\/index.php\/homepage\/feder-033677\/?lang=pt-pt","title":{"rendered":"Feder 033677"},"content":{"rendered":"<p>[vc_row top=&#8221;100px&#8221;][vc_column][vc_single_image image=&#8221;6587&#8243; img_size=&#8221;full&#8221; css_animation=&#8221;appear&#8221;][vc_column_text css_animation=&#8221;appear&#8221;]<strong>Designa\u00e7\u00e3o do projeto<\/strong> | BioHotMelt &#8211; resinas de base colof\u00f3nia compat\u00edveis com adesivos hot-melt<\/p>\n<p><strong>C\u00f3digo do projeto (NUP):<\/strong><br \/>\nCENTRO-01-0247-FEDER-033677<\/p>\n<p><strong>Objetivos da opera\u00e7\u00e3o<\/strong> | Refor\u00e7ar a investiga\u00e7\u00e3o, o desenvolvimento tecnol\u00f3gico e a inova\u00e7\u00e3o.<br \/>\n<strong>Regi\u00e3o de interven\u00e7\u00e3o<\/strong> | Cantanhede, Coimbra, Centro<br \/>\n<strong>Entidade benefici\u00e1ria<\/strong> | GUM CHEMICAL SOLUTIONS, S.A.<\/p>\n<p><strong>Sistema de Incentivos<\/strong> |\u00a0Investiga\u00e7\u00e3o &amp; Desenvolvimento Tecnol\u00f3gico \u2013 projeto em Copromo\u00e7\u00e3o<\/p>\n<p><strong>Data de aprova\u00e7\u00e3o<\/strong> | 02 Maio 2018<br \/>\n<strong>Data de in\u00edcio<\/strong> | 1 Julho 2018<br \/>\n<strong>Data de conclus\u00e3o<\/strong> | 30 Junho 2021<\/p>\n<p><strong>Custo total eleg\u00edvel<\/strong> | 747.805,10 Euros<br \/>\n<strong>Apoio financeiro da Uni\u00e3o Europeia<\/strong>\u00a0<strong>(Feder)<\/strong>| 543.135,00 Euros<\/p>\n<p><strong>Objetivo, atividades e resultados esperados\/atingidos:<\/strong><\/p>\n<p>A <strong>GUM CHEMICAL SOLUTIONS, S.A.<\/strong> \u00e9 uma Empresa constitu\u00edda em 2013, inserida no setor qu\u00edmico industrial. O objetivo da Empresa traduz-se na investiga\u00e7\u00e3o, desenvolvimento e produ\u00e7\u00e3o de derivados de resina de pinheiro &#8211; produtos interm\u00e9dio de elevado valor acrescentado e com procura din\u00e2mica internacional &#8211; direcionados para uma vasta gama de aplica\u00e7\u00f5es finais.<\/p>\n<p>O projeto <strong>BIOHOTMELT<\/strong> visa o desenvolvimento de resinas de base colof\u00f3nia compat\u00edveis com polietileno de metaloceno (mPE) para<br \/>\nformula\u00e7\u00f5es de adesivos hotmelt. Utiliza como estrat\u00e9gia para a compatibiliza\u00e7\u00e3o da resina de colof\u00f3nia a sua modifica\u00e7\u00e3o qu\u00edmica por duas vias: (i) esterifica\u00e7\u00e3o com glicerol ou pentaeritritol seguida de rea\u00e7\u00e3o com alco\u00f3is de cadeia longa e (ii) esterifica\u00e7\u00e3o dos d\u00edmeros de colof\u00f3nia seguida de rea\u00e7\u00e3o com di\u00e1cidos de cadeia longa. Trata-se de uma nova gera\u00e7\u00e3o de resinas de base colof\u00f3nia compat\u00edveis com adesivos hot-melt de base polietileno produzido com catalisadores metaloceno.<\/p>\n<p>O cons\u00f3rcio promotor \u00e9 constitu\u00eddo pela <strong>GUM CHEMICAL SOLUTIONS, S.A.<\/strong> e <strong>UNIVERSIDADE DE COIMBRA<\/strong> reunindo as compet\u00eancias t\u00e9cnicas e cient\u00edficas para o desenvolvimento do mesmo. Este projeto ter\u00e1 um importante efeito sobre as compet\u00eancias e capacidades da Empresa, refor\u00e7ando a pesquisa e desenvolvimento de novos produtos e processos de fabrico direcionados para solu\u00e7\u00f5es espec\u00edficas.[\/vc_column_text][\/vc_column][\/vc_row][vc_row top=&#8221;0px&#8221;][vc_column width=&#8221;1\/2&#8243;][vc_single_image image=&#8221;6541&#8243; img_size=&#8221;full&#8221; css_animation=&#8221;left-to-right&#8221;][\/vc_column][vc_column width=&#8221;1\/2&#8243;][vc_single_image image=&#8221;6543&#8243; img_size=&#8221;full&#8221; css_animation=&#8221;right-to-left&#8221;][\/vc_column][\/vc_row]<\/p>\n","protected":false},"excerpt":{"rendered":"<p>[vc_row top=&#8221;100px&#8221;][vc_column][vc_single_image image=&#8221;6587&#8243; img_size=&#8221;full&#8221; css_animation=&#8221;appear&#8221;][vc_column_text css_animation=&#8221;appear&#8221;]Designa\u00e7\u00e3o do projeto | BioHotMelt &#8211; resinas de base colof\u00f3nia compat\u00edveis com adesivos hot-melt C\u00f3digo do projeto (NUP): CENTRO-01-0247-FEDER-033677 Objetivos da opera\u00e7\u00e3o | Refor\u00e7ar a investiga\u00e7\u00e3o, o desenvolvimento tecnol\u00f3gico e a inova\u00e7\u00e3o. Regi\u00e3o de interven\u00e7\u00e3o | Cantanhede, Coimbra, Centro Entidade benefici\u00e1ria | GUM CHEMICAL SOLUTIONS, S.A. Sistema de Incentivos |\u00a0Investiga\u00e7\u00e3o &amp; Desenvolvimento Tecnol\u00f3gico \u2013 projeto em Copromo\u00e7\u00e3o Data de aprova\u00e7\u00e3o | 02 Maio 2018 Data de in\u00edcio | 1 Julho&#8230;  <\/p>\n<div class=\"read-more\"><a class=\"excerpt-read-more\" href=\"https:\/\/www.gumchemical.com\/index.php\/homepage\/feder-033677\/?lang=pt-pt\" title=\"Continue reading Feder 033677\">Read more<i class=\"fa fa-angle-right\"><\/i><\/a><\/div>\n","protected":false},"author":3,"featured_media":0,"parent":8140,"menu_order":0,"comment_status":"closed","ping_status":"closed","template":"page-full-width.php","meta":{"footnotes":""},"class_list":["post-6545","page","type-page","status-publish","hentry"],"_links":{"self":[{"href":"https:\/\/www.gumchemical.com\/index.php\/wp-json\/wp\/v2\/pages\/6545","targetHints":{"allow":["GET"]}}],"collection":[{"href":"https:\/\/www.gumchemical.com\/index.php\/wp-json\/wp\/v2\/pages"}],"about":[{"href":"https:\/\/www.gumchemical.com\/index.php\/wp-json\/wp\/v2\/types\/page"}],"author":[{"embeddable":true,"href":"https:\/\/www.gumchemical.com\/index.php\/wp-json\/wp\/v2\/users\/3"}],"replies":[{"embeddable":true,"href":"https:\/\/www.gumchemical.com\/index.php\/wp-json\/wp\/v2\/comments?post=6545"}],"version-history":[{"count":6,"href":"https:\/\/www.gumchemical.com\/index.php\/wp-json\/wp\/v2\/pages\/6545\/revisions"}],"predecessor-version":[{"id":6591,"href":"https:\/\/www.gumchemical.com\/index.php\/wp-json\/wp\/v2\/pages\/6545\/revisions\/6591"}],"up":[{"embeddable":true,"href":"https:\/\/www.gumchemical.com\/index.php\/wp-json\/wp\/v2\/pages\/8140"}],"wp:attachment":[{"href":"https:\/\/www.gumchemical.com\/index.php\/wp-json\/wp\/v2\/media?parent=6545"}],"curies":[{"name":"wp","href":"https:\/\/api.w.org\/{rel}","templated":true}]}}