{"id":8184,"date":"2020-02-27T15:23:26","date_gmt":"2020-02-27T15:23:26","guid":{"rendered":"https:\/\/www.gumchemical.com\/index.php\/homepage\/support\/"},"modified":"2020-05-25T09:01:50","modified_gmt":"2020-05-25T09:01:50","slug":"support","status":"publish","type":"page","link":"https:\/\/www.gumchemical.com\/index.php\/homepage\/support\/?lang=pt-pt","title":{"rendered":"suporte"},"content":{"rendered":"<p>[vc_row top=&#8221;250px&#8221; bottom=&#8221;250px&#8221; textalign=&#8221;center&#8221; overlay_pattern=&#8221;diagonal_left_b&#8221; bg_color=&#8221;#efefef&#8221;][vc_column width=&#8221;1\/6&#8243;][\/vc_column][vc_column width=&#8221;2\/3&#8243;][vc_heading title=&#8221;Suporte dedicado&#8221; title_color=&#8221;#374357&#8243; subtitle=&#8221;Estamos sempre aqui para o ajudar&#8221; subtitle_color=&#8221;#7d8d9e&#8221;][vc_empty_space height=&#8221;70px&#8221;][vc_column_text]<\/p>\n<h6 style=\"text-align: center;\"><span style=\"color: #7d8d9e; font-size: 20px;\">SAIBA MAIS SOBRE OS NOSSOS PRODUTOS!<\/span><\/h6>\n<p><span style=\"color: #7d8d9e; line-height: 2em; font-size: 20px; font-weight: 200;\">Os nossos comerciais e t\u00e9cnicos ter\u00e3o prazer em ajud\u00e1-lo e gui\u00e1-lo atrav\u00e9s da nossa gama de produtos. Basta enviar-nos um mail atrav\u00e9s do nosso formul\u00e1rio de suporte abaixo e entraremos em contacto consigo.<\/span>[\/vc_column_text][vc_empty_space height=&#8221;50px&#8221;][vc_button title=&#8221;Contacte-nos&#8221; size=&#8221;btn-large&#8221; border_radius=&#8221;round&#8221; link=&#8221;url:%23contacto-form|||&#8221;][\/vc_column][vc_column width=&#8221;1\/6&#8243;][\/vc_column][\/vc_row][vc_row top=&#8221;100px&#8221; section_id=&#8221;contacto-form&#8221;][vc_column width=&#8221;1\/6&#8243;][\/vc_column][vc_column width=&#8221;2\/3&#8243;][vc_heading h_size=&#8221;h-large&#8221; title=&#8221;N\u00e3o hesite em perguntar&#8221; alignment=&#8221;align-left&#8221;][vc_empty_space height=&#8221;60px&#8221;]\n<div class=\"wpcf7 no-js\" id=\"wpcf7-f6261-o1\" lang=\"en-US\" dir=\"ltr\" data-wpcf7-id=\"6261\">\n<div class=\"screen-reader-response\"><p role=\"status\" aria-live=\"polite\" aria-atomic=\"true\"><\/p> <ul><\/ul><\/div>\n<form action=\"\/index.php\/wp-json\/wp\/v2\/pages\/8184#wpcf7-f6261-o1\" method=\"post\" class=\"wpcf7-form init\" aria-label=\"Contact form\" novalidate=\"novalidate\" data-status=\"init\">\n<fieldset class=\"hidden-fields-container\"><input type=\"hidden\" name=\"_wpcf7\" value=\"6261\" \/><input type=\"hidden\" name=\"_wpcf7_version\" value=\"6.1.5\" \/><input type=\"hidden\" name=\"_wpcf7_locale\" value=\"en_US\" \/><input type=\"hidden\" name=\"_wpcf7_unit_tag\" value=\"wpcf7-f6261-o1\" \/><input type=\"hidden\" name=\"_wpcf7_container_post\" value=\"0\" \/><input type=\"hidden\" name=\"_wpcf7_posted_data_hash\" value=\"\" \/>\n<\/fieldset>\n<p><label> O seu nome (obrigat\u00f3rio)<br \/>\n<span class=\"wpcf7-form-control-wrap\" data-name=\"your-name\"><input size=\"40\" maxlength=\"400\" class=\"wpcf7-form-control wpcf7-text wpcf7-validates-as-required\" aria-required=\"true\" aria-invalid=\"false\" value=\"\" type=\"text\" name=\"your-name\" \/><\/span> <\/label>\n<\/p>\n<p><label> O seu email (obrigat\u00f3rio)<br \/>\n<span class=\"wpcf7-form-control-wrap\" data-name=\"your-email\"><input size=\"40\" maxlength=\"400\" class=\"wpcf7-form-control wpcf7-email wpcf7-validates-as-required wpcf7-text wpcf7-validates-as-email\" aria-required=\"true\" aria-invalid=\"false\" value=\"\" type=\"email\" name=\"your-email\" \/><\/span> <\/label>\n<\/p>\n<p><label> assunto<br \/>\n<span class=\"wpcf7-form-control-wrap\" data-name=\"your-subject\"><input size=\"40\" maxlength=\"400\" class=\"wpcf7-form-control wpcf7-text\" aria-invalid=\"false\" value=\"\" type=\"text\" name=\"your-subject\" \/><\/span> <\/label>\n<\/p>\n<p><label> A sua Messagem<br \/>\n<span class=\"wpcf7-form-control-wrap\" data-name=\"your-message\"><textarea cols=\"40\" rows=\"10\" maxlength=\"2000\" class=\"wpcf7-form-control wpcf7-textarea\" aria-invalid=\"false\" name=\"your-message\"><\/textarea><\/span> <\/label>\n<\/p>\n<p><input class=\"wpcf7-form-control wpcf7-submit has-spinner\" type=\"submit\" value=\"enviar\" \/>\n<\/p><div class=\"wpcf7-response-output\" aria-hidden=\"true\"><\/div>\n<\/form>\n<\/div>\n[\/vc_column][vc_column width=&#8221;1\/6&#8243;][\/vc_column][\/vc_row]<\/p>\n","protected":false},"excerpt":{"rendered":"<p>[vc_row top=&#8221;250px&#8221; bottom=&#8221;250px&#8221; textalign=&#8221;center&#8221; overlay_pattern=&#8221;diagonal_left_b&#8221; bg_color=&#8221;#efefef&#8221;][vc_column width=&#8221;1\/6&#8243;][\/vc_column][vc_column width=&#8221;2\/3&#8243;][vc_heading title=&#8221;Suporte dedicado&#8221; title_color=&#8221;#374357&#8243; subtitle=&#8221;Estamos sempre aqui para o ajudar&#8221; subtitle_color=&#8221;#7d8d9e&#8221;][vc_empty_space height=&#8221;70px&#8221;][vc_column_text] SAIBA MAIS SOBRE OS NOSSOS PRODUTOS! Os nossos comerciais e t\u00e9cnicos ter\u00e3o prazer em ajud\u00e1-lo e gui\u00e1-lo atrav\u00e9s da nossa gama de produtos. Basta enviar-nos um mail atrav\u00e9s do nosso formul\u00e1rio de suporte abaixo e entraremos em contacto consigo.[\/vc_column_text][vc_empty_space height=&#8221;50px&#8221;][vc_button title=&#8221;Contacte-nos&#8221; size=&#8221;btn-large&#8221; border_radius=&#8221;round&#8221; link=&#8221;url:%23contacto-form|||&#8221;][\/vc_column][vc_column width=&#8221;1\/6&#8243;][\/vc_column][\/vc_row][vc_row top=&#8221;100px&#8221; section_id=&#8221;contacto-form&#8221;][vc_column width=&#8221;1\/6&#8243;][\/vc_column][vc_column width=&#8221;2\/3&#8243;][vc_heading h_size=&#8221;h-large&#8221; title=&#8221;N\u00e3o hesite em perguntar&#8221; alignment=&#8221;align-left&#8221;][vc_empty_space height=&#8221;60px&#8221;][\/vc_column][vc_column&#8230;  <\/p>\n<div class=\"read-more\"><a class=\"excerpt-read-more\" href=\"https:\/\/www.gumchemical.com\/index.php\/homepage\/support\/?lang=pt-pt\" title=\"Continue reading suporte\">Read more<i class=\"fa fa-angle-right\"><\/i><\/a><\/div>\n","protected":false},"author":3,"featured_media":0,"parent":8140,"menu_order":0,"comment_status":"closed","ping_status":"closed","template":"page-full-width.php","meta":{"footnotes":""},"class_list":["post-8184","page","type-page","status-publish","hentry"],"_links":{"self":[{"href":"https:\/\/www.gumchemical.com\/index.php\/wp-json\/wp\/v2\/pages\/8184","targetHints":{"allow":["GET"]}}],"collection":[{"href":"https:\/\/www.gumchemical.com\/index.php\/wp-json\/wp\/v2\/pages"}],"about":[{"href":"https:\/\/www.gumchemical.com\/index.php\/wp-json\/wp\/v2\/types\/page"}],"author":[{"embeddable":true,"href":"https:\/\/www.gumchemical.com\/index.php\/wp-json\/wp\/v2\/users\/3"}],"replies":[{"embeddable":true,"href":"https:\/\/www.gumchemical.com\/index.php\/wp-json\/wp\/v2\/comments?post=8184"}],"version-history":[{"count":3,"href":"https:\/\/www.gumchemical.com\/index.php\/wp-json\/wp\/v2\/pages\/8184\/revisions"}],"predecessor-version":[{"id":8619,"href":"https:\/\/www.gumchemical.com\/index.php\/wp-json\/wp\/v2\/pages\/8184\/revisions\/8619"}],"up":[{"embeddable":true,"href":"https:\/\/www.gumchemical.com\/index.php\/wp-json\/wp\/v2\/pages\/8140"}],"wp:attachment":[{"href":"https:\/\/www.gumchemical.com\/index.php\/wp-json\/wp\/v2\/media?parent=8184"}],"curies":[{"name":"wp","href":"https:\/\/api.w.org\/{rel}","templated":true}]}}