{"id":8256,"date":"2020-02-27T15:39:24","date_gmt":"2020-02-27T15:39:24","guid":{"rendered":"https:\/\/www.gumchemical.com\/index.php\/homepage\/gum-turpentine\/"},"modified":"2020-05-25T10:48:30","modified_gmt":"2020-05-25T10:48:30","slug":"gum-turpentine","status":"publish","type":"page","link":"https:\/\/www.gumchemical.com\/index.php\/homepage\/gum-turpentine\/?lang=pt-pt","title":{"rendered":"Gum turpentine"},"content":{"rendered":"<p>[vc_row top=&#8221;200px&#8221; bottom=&#8221;80px&#8221; row_separator=&#8221;row-shadow-bottom&#8221; bg_type=&#8221;image&#8221; speed=&#8221;0.35&#8243; bg_cover=&#8221;cover&#8221; bg_position=&#8221;Center center&#8221; bg_attachment=&#8221;fixed&#8221; section_id=&#8221;top-turpentine&#8221; bg_image=&#8221;6714&#8243;][vc_column width=&#8221;1\/4&#8243;][vc_single_image image=&#8221;7280&#8243; img_size=&#8221;full&#8221; css_animation=&#8221;appear&#8221;][vc_empty_space height=&#8221;35px&#8221;][vc_column_text]<span style=\"color: #ffffff; font-size: 16px; font-weight: 500;\">\u00c9 um l\u00edquido incolor, uma mistura de hidrocarbonetos da fam\u00edlia dos terpenos, obtida por destila\u00e7\u00e3o a vapor de 100% goma bruta de <strong>Pinus elliottii vr elliottii<\/strong> ou <strong>Pinus pinaster<\/strong>.<\/span><\/p>\n<p><span style=\"color: #ffffff; font-size: 16px; font-weight: 500;\">\u00c9 um produto 100% natural, renov\u00e1vel e de origem biol\u00f3gica.<\/span>[\/vc_column_text][vc_empty_space height=&#8221;35px&#8221;][vc_button title=&#8221;gama de produtos&#8221; size=&#8221;btn-medium&#8221; button_style=&#8221;minimal_style&#8221; color=&#8221;btn_white&#8221; border_radius=&#8221;hv_rounded&#8221; link=&#8221;url:%23produtos_terebintina|||&#8221;][vc_empty_space height=&#8221;100px&#8221;][\/vc_column][vc_column width=&#8221;3\/4&#8243;][vc_row_inner top=&#8221;0px&#8221;][vc_column_inner][vc_heading title=&#8221;Gum turpentine&#8221; title_color=&#8221;#ffffff&#8221; subtitle=&#8221;cadeia de valor&#8221; subtitle_color=&#8221;#ffffff&#8221;][\/vc_column_inner][\/vc_row_inner][vc_empty_space height=&#8221;10px&#8221;][vc_carousel images=&#8221;8258,8260,8262&#8243; slide_speed=&#8221;2500&#8243; autoplay=&#8221;4500&#8243; stop_hover=&#8221;true&#8221; navigation_hide=&#8221;nav-hide&#8221; style=&#8221;carousel-minimal&#8221;][\/vc_column][\/vc_row][vc_row top=&#8221;110px&#8221; bottom=&#8221;40px&#8221; bg_color=&#8221;#efefef&#8221; section_id=&#8221;produtos_terebintina&#8221;][vc_column][vc_row_inner top=&#8221;0px&#8221; bottom=&#8221;0px&#8221;][vc_column_inner width=&#8221;1\/6&#8243;][vc_single_image image=&#8221;7292&#8243; img_size=&#8221;full&#8221; style=&#8221;vc_box_shadow&#8221; onclick=&#8221;custom_link&#8221; css_animation=&#8221;appear&#8221; link=&#8221;https:\/\/www.gumchemical.com\/index.php\/homepage\/gum-turpentine\/oilee\/?lang=pt-pt&#8221;][vc_empty_space height=&#8221;40px&#8221;][\/vc_column_inner][vc_column_inner width=&#8221;1\/6&#8243;][vc_single_image image=&#8221;7294&#8243; img_size=&#8221;full&#8221; style=&#8221;vc_box_shadow&#8221; onclick=&#8221;custom_link&#8221; css_animation=&#8221;appear&#8221; link=&#8221;https:\/\/www.gumchemical.com\/index.php\/homepage\/gum-turpentine\/oilpp\/?lang=pt-pt&#8221;][vc_empty_space height=&#8221;40px&#8221;][\/vc_column_inner][vc_column_inner width=&#8221;1\/6&#8243;][\/vc_column_inner][vc_column_inner width=&#8221;1\/6&#8243;][\/vc_column_inner][vc_column_inner width=&#8221;1\/6&#8243;][\/vc_column_inner][vc_column_inner width=&#8221;1\/6&#8243;][\/vc_column_inner][\/vc_row_inner][\/vc_column][\/vc_row][vc_row top=&#8221;0px&#8221; bottom=&#8221;110px&#8221; bg_color=&#8221;#efefef&#8221;][vc_column][vc_single_image image=&#8221;8218&#8243; img_size=&#8221;large&#8221; onclick=&#8221;custom_link&#8221; link=&#8221;https:\/\/www.gumchemical.com\/index.php\/homepage\/support\/?lang=pt-pt&#8221;][\/vc_column][\/vc_row]<\/p>\n","protected":false},"excerpt":{"rendered":"<p>[vc_row top=&#8221;200px&#8221; bottom=&#8221;80px&#8221; row_separator=&#8221;row-shadow-bottom&#8221; bg_type=&#8221;image&#8221; speed=&#8221;0.35&#8243; bg_cover=&#8221;cover&#8221; bg_position=&#8221;Center center&#8221; bg_attachment=&#8221;fixed&#8221; section_id=&#8221;top-turpentine&#8221; bg_image=&#8221;6714&#8243;][vc_column width=&#8221;1\/4&#8243;][vc_single_image image=&#8221;7280&#8243; img_size=&#8221;full&#8221; css_animation=&#8221;appear&#8221;][vc_empty_space height=&#8221;35px&#8221;][vc_column_text]\u00c9 um l\u00edquido incolor, uma mistura de hidrocarbonetos da fam\u00edlia dos terpenos, obtida por destila\u00e7\u00e3o a vapor de 100% goma bruta de Pinus elliottii vr elliottii ou Pinus pinaster. \u00c9 um produto 100% natural, renov\u00e1vel e de origem biol\u00f3gica.[\/vc_column_text][vc_empty_space height=&#8221;35px&#8221;][vc_button title=&#8221;gama de produtos&#8221; size=&#8221;btn-medium&#8221; button_style=&#8221;minimal_style&#8221; color=&#8221;btn_white&#8221; border_radius=&#8221;hv_rounded&#8221; link=&#8221;url:%23produtos_terebintina|||&#8221;][vc_empty_space height=&#8221;100px&#8221;][\/vc_column][vc_column width=&#8221;3\/4&#8243;][vc_row_inner top=&#8221;0px&#8221;][vc_column_inner][vc_heading title=&#8221;Gum turpentine&#8221; title_color=&#8221;#ffffff&#8221; subtitle=&#8221;cadeia de valor&#8221; subtitle_color=&#8221;#ffffff&#8221;][\/vc_column_inner][\/vc_row_inner][vc_empty_space height=&#8221;10px&#8221;][vc_carousel&#8230;  <\/p>\n<div class=\"read-more\"><a class=\"excerpt-read-more\" href=\"https:\/\/www.gumchemical.com\/index.php\/homepage\/gum-turpentine\/?lang=pt-pt\" title=\"Continue reading Gum turpentine\">Read more<i class=\"fa fa-angle-right\"><\/i><\/a><\/div>\n","protected":false},"author":3,"featured_media":0,"parent":8140,"menu_order":0,"comment_status":"closed","ping_status":"closed","template":"page-full-width.php","meta":{"footnotes":""},"class_list":["post-8256","page","type-page","status-publish","hentry"],"_links":{"self":[{"href":"https:\/\/www.gumchemical.com\/index.php\/wp-json\/wp\/v2\/pages\/8256","targetHints":{"allow":["GET"]}}],"collection":[{"href":"https:\/\/www.gumchemical.com\/index.php\/wp-json\/wp\/v2\/pages"}],"about":[{"href":"https:\/\/www.gumchemical.com\/index.php\/wp-json\/wp\/v2\/types\/page"}],"author":[{"embeddable":true,"href":"https:\/\/www.gumchemical.com\/index.php\/wp-json\/wp\/v2\/users\/3"}],"replies":[{"embeddable":true,"href":"https:\/\/www.gumchemical.com\/index.php\/wp-json\/wp\/v2\/comments?post=8256"}],"version-history":[{"count":8,"href":"https:\/\/www.gumchemical.com\/index.php\/wp-json\/wp\/v2\/pages\/8256\/revisions"}],"predecessor-version":[{"id":8665,"href":"https:\/\/www.gumchemical.com\/index.php\/wp-json\/wp\/v2\/pages\/8256\/revisions\/8665"}],"up":[{"embeddable":true,"href":"https:\/\/www.gumchemical.com\/index.php\/wp-json\/wp\/v2\/pages\/8140"}],"wp:attachment":[{"href":"https:\/\/www.gumchemical.com\/index.php\/wp-json\/wp\/v2\/media?parent=8256"}],"curies":[{"name":"wp","href":"https:\/\/api.w.org\/{rel}","templated":true}]}}