{"id":8281,"date":"2020-02-27T11:33:02","date_gmt":"2020-02-27T11:33:02","guid":{"rendered":"https:\/\/www.gumchemical.com\/index.php\/homepage\/natural-wood-rosin\/"},"modified":"2020-05-25T10:54:57","modified_gmt":"2020-05-25T10:54:57","slug":"natural-wood-rosin","status":"publish","type":"page","link":"https:\/\/www.gumchemical.com\/index.php\/homepage\/natural-wood-rosin\/?lang=pt-pt","title":{"rendered":"natural wood rosin"},"content":{"rendered":"<p>[vc_row top=&#8221;200px&#8221; bottom=&#8221;80px&#8221; row_separator=&#8221;row-shadow-bottom&#8221; bg_type=&#8221;image&#8221; speed=&#8221;0.40&#8243; bg_cover=&#8221;cover&#8221; bg_position=&#8221;&#8221; bg_attachment=&#8221;fixed&#8221; section_id=&#8221;top-wood&#8221; bg_image=&#8221;6714&#8243;][vc_column width=&#8221;1\/4&#8243;][vc_single_image image=&#8221;7236&#8243; img_size=&#8221;full&#8221; css_animation=&#8221;appear&#8221;][vc_empty_space height=&#8221;35px&#8221;][vc_column_text]<span style=\"color: #ffffff; font-size: 16px; font-weight: 500;\">\u00c9 uma resina de madeira natural obtida pela destila\u00e7\u00e3o a vapor de resina bruta de madeira de tocos de <strong>Pinus elliottii vs elliottii<\/strong>.<\/span><\/p>\n<p><span style=\"color: #ffffff; font-size: 16px; font-weight: 500;\">\u00c9 um produto 100% natural, renov\u00e1vel e de origem biol\u00f3gica.<\/span><\/p>\n<p><span style=\"color: #ffffff; font-size: 16px; font-weight: 500;\">\u00c9 uma resina s\u00f3lida com uma cor amarela clara.<\/span>[\/vc_column_text][vc_empty_space height=&#8221;35px&#8221;][vc_button title=&#8221;o nosso produto&#8221; size=&#8221;btn-medium&#8221; button_style=&#8221;minimal_style&#8221; color=&#8221;btn_white&#8221; border_radius=&#8221;hv_rounded&#8221; link=&#8221;url:https%3A%2F%2Fwww.gumchemical.com%2Findex.php%2Fhomepage%2Fnatural-wood-rosin%2Fwood-rosin%2F%3Flang%3Dpt-pt|||&#8221;][vc_empty_space height=&#8221;100px&#8221;][\/vc_column][vc_column width=&#8221;3\/4&#8243;][vc_row_inner top=&#8221;0px&#8221;][vc_column_inner][vc_heading h_size=&#8221;h-large&#8221; title=&#8221;wood rosin&#8221; title_color=&#8221;#ffffff&#8221; subtitle=&#8221;cadeia de valor&#8221; subtitle_color=&#8221;#ffffff&#8221;][\/vc_column_inner][\/vc_row_inner][vc_empty_space height=&#8221;10px&#8221;][vc_carousel images=&#8221;8283,8285,8287,8289&#8243; slide_speed=&#8221;1500&#8243; autoplay=&#8221;2500&#8243; stop_hover=&#8221;true&#8221; navigation_hide=&#8221;nav-hide&#8221; style=&#8221;carousel-minimal&#8221;][\/vc_column][\/vc_row]<\/p>\n","protected":false},"excerpt":{"rendered":"<p>[vc_row top=&#8221;200px&#8221; bottom=&#8221;80px&#8221; row_separator=&#8221;row-shadow-bottom&#8221; bg_type=&#8221;image&#8221; speed=&#8221;0.40&#8243; bg_cover=&#8221;cover&#8221; bg_position=&#8221;&#8221; bg_attachment=&#8221;fixed&#8221; section_id=&#8221;top-wood&#8221; bg_image=&#8221;6714&#8243;][vc_column width=&#8221;1\/4&#8243;][vc_single_image image=&#8221;7236&#8243; img_size=&#8221;full&#8221; css_animation=&#8221;appear&#8221;][vc_empty_space height=&#8221;35px&#8221;][vc_column_text]\u00c9 uma resina de madeira natural obtida pela destila\u00e7\u00e3o a vapor de resina bruta de madeira de tocos de Pinus elliottii vs elliottii. \u00c9 um produto 100% natural, renov\u00e1vel e de origem biol\u00f3gica. \u00c9 uma resina s\u00f3lida com uma cor amarela clara.[\/vc_column_text][vc_empty_space height=&#8221;35px&#8221;][vc_button title=&#8221;o nosso produto&#8221; size=&#8221;btn-medium&#8221; button_style=&#8221;minimal_style&#8221; color=&#8221;btn_white&#8221; border_radius=&#8221;hv_rounded&#8221; link=&#8221;url:https%3A%2F%2Fwww.gumchemical.com%2Findex.php%2Fhomepage%2Fnatural-wood-rosin%2Fwood-rosin%2F%3Flang%3Dpt-pt|||&#8221;][vc_empty_space height=&#8221;100px&#8221;][\/vc_column][vc_column width=&#8221;3\/4&#8243;][vc_row_inner top=&#8221;0px&#8221;][vc_column_inner][vc_heading h_size=&#8221;h-large&#8221; title=&#8221;wood rosin&#8221; title_color=&#8221;#ffffff&#8221; subtitle=&#8221;cadeia de&#8230;  <\/p>\n<div class=\"read-more\"><a class=\"excerpt-read-more\" href=\"https:\/\/www.gumchemical.com\/index.php\/homepage\/natural-wood-rosin\/?lang=pt-pt\" title=\"Continue reading natural wood rosin\">Read more<i class=\"fa fa-angle-right\"><\/i><\/a><\/div>\n","protected":false},"author":3,"featured_media":0,"parent":8140,"menu_order":0,"comment_status":"closed","ping_status":"closed","template":"page-full-width.php","meta":{"footnotes":""},"class_list":["post-8281","page","type-page","status-publish","hentry"],"_links":{"self":[{"href":"https:\/\/www.gumchemical.com\/index.php\/wp-json\/wp\/v2\/pages\/8281","targetHints":{"allow":["GET"]}}],"collection":[{"href":"https:\/\/www.gumchemical.com\/index.php\/wp-json\/wp\/v2\/pages"}],"about":[{"href":"https:\/\/www.gumchemical.com\/index.php\/wp-json\/wp\/v2\/types\/page"}],"author":[{"embeddable":true,"href":"https:\/\/www.gumchemical.com\/index.php\/wp-json\/wp\/v2\/users\/3"}],"replies":[{"embeddable":true,"href":"https:\/\/www.gumchemical.com\/index.php\/wp-json\/wp\/v2\/comments?post=8281"}],"version-history":[{"count":9,"href":"https:\/\/www.gumchemical.com\/index.php\/wp-json\/wp\/v2\/pages\/8281\/revisions"}],"predecessor-version":[{"id":8673,"href":"https:\/\/www.gumchemical.com\/index.php\/wp-json\/wp\/v2\/pages\/8281\/revisions\/8673"}],"up":[{"embeddable":true,"href":"https:\/\/www.gumchemical.com\/index.php\/wp-json\/wp\/v2\/pages\/8140"}],"wp:attachment":[{"href":"https:\/\/www.gumchemical.com\/index.php\/wp-json\/wp\/v2\/media?parent=8281"}],"curies":[{"name":"wp","href":"https:\/\/api.w.org\/{rel}","templated":true}]}}