{"id":8319,"date":"2020-03-03T15:20:21","date_gmt":"2020-03-03T15:20:21","guid":{"rendered":"https:\/\/www.gumchemical.com\/index.php\/homepage\/elliotti-gum-rosin\/08ee\/"},"modified":"2020-05-25T10:29:15","modified_gmt":"2020-05-25T10:29:15","slug":"08ee","status":"publish","type":"page","link":"https:\/\/www.gumchemical.com\/index.php\/homepage\/elliotti-gum-rosin\/08ee\/?lang=pt-pt","title":{"rendered":"08EE"},"content":{"rendered":"<p>[vc_row top=&#8221;150px&#8221; bottom=&#8221;100px&#8221; row_separator=&#8221;row-shadow-bottom&#8221; bg_type=&#8221;image&#8221; speed=&#8221;0.35&#8243; bg_cover=&#8221;cover&#8221; bg_position=&#8221;Center center&#8221; bg_attachment=&#8221;fixed&#8221; section_id=&#8221;top 08EE&#8221; bg_image=&#8221;6714&#8243;][vc_column width=&#8221;1\/4&#8243;][vc_single_image image=&#8221;7317&#8243; img_size=&#8221;medium&#8221;][vc_column_text]<span style=\"color: #ffffff;\"><strong>elliotti<\/strong> GUM ROSIN <strong>08EE<\/strong> \u00e9 uma resina de goma natural obtida por destila\u00e7\u00e3o a vapor da goma bruta de <strong>Pinus elliottii vr elliottii<\/strong>.<\/span><\/p>\n<p><span style=\"color: #ffffff;\"><strong>CARACTER\u00cdSTICAS<\/strong><\/span><br \/>\n<span style=\"color: #ffffff;\">Resina s\u00f3lida com uma cor amarela clara.<\/span><\/p>\n<p><span style=\"color: #ffffff;\"><strong>APLICA\u00c7\u00d5ES<\/strong><\/span><br \/>\n<span style=\"color: #ffffff;\">Adesivos, Ind\u00fastria de papel, Borracha, Tintas, Ind\u00fastria de polimento, Pigmentos, Fluxos de solda, Cosm\u00e9ticos, Derivados de Colof\u00f3nia.<\/span><\/p>\n<p><span style=\"color: #ffffff;\"><strong>REGULAT\u00d3RIO<\/strong><\/span><br \/>\n<span style=\"color: #ffffff;\">N\u00e3o aplic\u00e1vel<\/span><\/p>\n<p><span style=\"color: #ffffff;\"><strong>FORMAS DE FORNECIMENTO<\/strong><\/span><br \/>\n<span style=\"color: #ffffff;\">P\u00e9rolas: sacos de 25 Kg<br \/>\nEm Bloco: tambores met\u00e1licos de 240 Kg<br \/>\nL\u00edquido a T &gt; 100\u00baC: isotanque\/cisterna<\/span><\/p>\n<p><span style=\"color: #ffffff;\"><strong>VALIDADE<\/strong><\/span><br \/>\n<span style=\"color: #ffffff;\">Seis meses em condi\u00e7\u00f5es normais de armazenamento.<br \/>\n<\/span>[\/vc_column_text][\/vc_column][vc_column width=&#8221;3\/4&#8243;][vc_empty_space height=&#8221;40px&#8221;][vc_single_image image=&#8221;8321&#8243; img_size=&#8221;large&#8221; css_animation=&#8221;appear&#8221;][vc_empty_space height=&#8221;100px&#8221;][vc_single_image image=&#8221;8212&#8243; img_size=&#8221;full&#8221; onclick=&#8221;custom_link&#8221; link=&#8221;https:\/\/www.gumchemical.com\/index.php\/homepage\/support\/?lang=pt-pt&#8221;][\/vc_column][\/vc_row]<\/p>\n","protected":false},"excerpt":{"rendered":"<p>[vc_row top=&#8221;150px&#8221; bottom=&#8221;100px&#8221; row_separator=&#8221;row-shadow-bottom&#8221; bg_type=&#8221;image&#8221; speed=&#8221;0.35&#8243; bg_cover=&#8221;cover&#8221; bg_position=&#8221;Center center&#8221; bg_attachment=&#8221;fixed&#8221; section_id=&#8221;top 08EE&#8221; bg_image=&#8221;6714&#8243;][vc_column width=&#8221;1\/4&#8243;][vc_single_image image=&#8221;7317&#8243; img_size=&#8221;medium&#8221;][vc_column_text]elliotti GUM ROSIN 08EE \u00e9 uma resina de goma natural obtida por destila\u00e7\u00e3o a vapor da goma bruta de Pinus elliottii vr elliottii. CARACTER\u00cdSTICAS Resina s\u00f3lida com uma cor amarela clara. APLICA\u00c7\u00d5ES Adesivos, Ind\u00fastria de papel, Borracha, Tintas, Ind\u00fastria de polimento, Pigmentos, Fluxos de solda, Cosm\u00e9ticos, Derivados de Colof\u00f3nia. REGULAT\u00d3RIO N\u00e3o aplic\u00e1vel FORMAS DE FORNECIMENTO P\u00e9rolas: sacos de 25 Kg&#8230;  <\/p>\n<div class=\"read-more\"><a class=\"excerpt-read-more\" href=\"https:\/\/www.gumchemical.com\/index.php\/homepage\/elliotti-gum-rosin\/08ee\/?lang=pt-pt\" title=\"Continue reading 08EE\">Read more<i class=\"fa fa-angle-right\"><\/i><\/a><\/div>\n","protected":false},"author":3,"featured_media":0,"parent":8163,"menu_order":0,"comment_status":"closed","ping_status":"closed","template":"page-full-width.php","meta":{"footnotes":""},"class_list":["post-8319","page","type-page","status-publish","hentry"],"_links":{"self":[{"href":"https:\/\/www.gumchemical.com\/index.php\/wp-json\/wp\/v2\/pages\/8319","targetHints":{"allow":["GET"]}}],"collection":[{"href":"https:\/\/www.gumchemical.com\/index.php\/wp-json\/wp\/v2\/pages"}],"about":[{"href":"https:\/\/www.gumchemical.com\/index.php\/wp-json\/wp\/v2\/types\/page"}],"author":[{"embeddable":true,"href":"https:\/\/www.gumchemical.com\/index.php\/wp-json\/wp\/v2\/users\/3"}],"replies":[{"embeddable":true,"href":"https:\/\/www.gumchemical.com\/index.php\/wp-json\/wp\/v2\/comments?post=8319"}],"version-history":[{"count":6,"href":"https:\/\/www.gumchemical.com\/index.php\/wp-json\/wp\/v2\/pages\/8319\/revisions"}],"predecessor-version":[{"id":8346,"href":"https:\/\/www.gumchemical.com\/index.php\/wp-json\/wp\/v2\/pages\/8319\/revisions\/8346"}],"up":[{"embeddable":true,"href":"https:\/\/www.gumchemical.com\/index.php\/wp-json\/wp\/v2\/pages\/8163"}],"wp:attachment":[{"href":"https:\/\/www.gumchemical.com\/index.php\/wp-json\/wp\/v2\/media?parent=8319"}],"curies":[{"name":"wp","href":"https:\/\/api.w.org\/{rel}","templated":true}]}}