{"id":8350,"date":"2020-03-03T15:55:41","date_gmt":"2020-03-03T15:55:41","guid":{"rendered":"https:\/\/www.gumchemical.com\/index.php\/homepage\/elliotti-gum-rosin\/40ee\/"},"modified":"2020-05-25T10:32:11","modified_gmt":"2020-05-25T10:32:11","slug":"40ee","status":"publish","type":"page","link":"https:\/\/www.gumchemical.com\/index.php\/homepage\/elliotti-gum-rosin\/40ee\/?lang=pt-pt","title":{"rendered":"40EE"},"content":{"rendered":"<p>[vc_row top=&#8221;150px&#8221; bottom=&#8221;100px&#8221; row_separator=&#8221;row-shadow-bottom&#8221; bg_type=&#8221;image&#8221; speed=&#8221;0.35&#8243; bg_cover=&#8221;cover&#8221; bg_position=&#8221;Center center&#8221; bg_attachment=&#8221;fixed&#8221; bg_image=&#8221;6714&#8243;][vc_column width=&#8221;1\/4&#8243;][vc_single_image image=&#8221;7348&#8243; img_size=&#8221;medium&#8221;][vc_column_text]<span style=\"color: #ffffff;\"><strong>elliotti<\/strong> GUM ROSIN <strong>40EE<\/strong> \u00e9 uma resina de goma refinada, com uma cor muito clara.<\/span><\/p>\n<p><span style=\"color: #ffffff;\"><strong>CARACTER\u00cdSTICAS<\/strong><\/span><br \/>\n<span style=\"color: #ffffff;\">Resina s\u00f3lida com uma cor amarela clara.<\/span><\/p>\n<p><span style=\"color: #ffffff;\">Excelente resist\u00eancia \u00e0 oxida\u00e7\u00e3o, com muito boa solubilidade em solventes comuns e boa compatibilidade com os pol\u00edmeros mais comuns.<\/span><\/p>\n<p><span style=\"color: #ffffff;\"><strong>APLICA\u00c7\u00d5ES<\/strong><\/span><br \/>\n<span style=\"color: #ffffff;\">Adesivos, revestimentos, adesivos para revestimento de pisos; Adesivos Sens\u00edveis \u00e0 Press\u00e3o (PSA); Adesivos de fus\u00e3o a quente; Cosm\u00e9ticos.<\/span><\/p>\n<p><span style=\"color: #ffffff;\"><strong>REGULAT\u00d3RIO<\/strong><\/span><br \/>\n<span style=\"color: #ffffff;\">Cumpre os requisitos do C\u00f3digo de Regulamentos Federais, T\u00edtulo 21, nas seguintes sec\u00e7\u00f5es: 175.105 Adesivos.<\/span><\/p>\n<p><span style=\"color: #ffffff;\"><strong>FORMAS DE FORNECIMENTO<\/strong><\/span><br \/>\n<span style=\"color: #ffffff;\">Flocos: sacos de 25 Kg<\/span><br \/>\n<span style=\"color: #ffffff;\">P\u00e9rolas: sacos de 25 Kg <\/span><br \/>\n<span style=\"color: #ffffff;\">Em Bloco: tambores met\u00e1licos de 240 Kg<\/span><\/p>\n<p><span style=\"color: #ffffff;\"><strong>VALIDADE<\/strong><\/span><br \/>\n<span style=\"color: #ffffff;\">Seis meses em condi\u00e7\u00f5es normais de armazenamento.<\/span>[\/vc_column_text][\/vc_column][vc_column width=&#8221;3\/4&#8243;][vc_empty_space height=&#8221;40px&#8221;][vc_single_image image=&#8221;8325&#8243; img_size=&#8221;large&#8221; css_animation=&#8221;appear&#8221;][vc_empty_space height=&#8221;100px&#8221;][vc_single_image image=&#8221;8212&#8243; img_size=&#8221;full&#8221; onclick=&#8221;custom_link&#8221; link=&#8221;https:\/\/www.gumchemical.com\/index.php\/homepage\/support\/?lang=pt-pt&#8221;][\/vc_column][\/vc_row]<\/p>\n","protected":false},"excerpt":{"rendered":"<p>[vc_row top=&#8221;150px&#8221; bottom=&#8221;100px&#8221; row_separator=&#8221;row-shadow-bottom&#8221; bg_type=&#8221;image&#8221; speed=&#8221;0.35&#8243; bg_cover=&#8221;cover&#8221; bg_position=&#8221;Center center&#8221; bg_attachment=&#8221;fixed&#8221; bg_image=&#8221;6714&#8243;][vc_column width=&#8221;1\/4&#8243;][vc_single_image image=&#8221;7348&#8243; img_size=&#8221;medium&#8221;][vc_column_text]elliotti GUM ROSIN 40EE \u00e9 uma resina de goma refinada, com uma cor muito clara. CARACTER\u00cdSTICAS Resina s\u00f3lida com uma cor amarela clara. Excelente resist\u00eancia \u00e0 oxida\u00e7\u00e3o, com muito boa solubilidade em solventes comuns e boa compatibilidade com os pol\u00edmeros mais comuns. APLICA\u00c7\u00d5ES Adesivos, revestimentos, adesivos para revestimento de pisos; Adesivos Sens\u00edveis \u00e0 Press\u00e3o (PSA); Adesivos de fus\u00e3o a quente; Cosm\u00e9ticos. REGULAT\u00d3RIO&#8230;  <\/p>\n<div class=\"read-more\"><a class=\"excerpt-read-more\" href=\"https:\/\/www.gumchemical.com\/index.php\/homepage\/elliotti-gum-rosin\/40ee\/?lang=pt-pt\" title=\"Continue reading 40EE\">Read more<i class=\"fa fa-angle-right\"><\/i><\/a><\/div>\n","protected":false},"author":3,"featured_media":0,"parent":8163,"menu_order":0,"comment_status":"closed","ping_status":"closed","template":"page-full-width.php","meta":{"footnotes":""},"class_list":["post-8350","page","type-page","status-publish","hentry"],"_links":{"self":[{"href":"https:\/\/www.gumchemical.com\/index.php\/wp-json\/wp\/v2\/pages\/8350","targetHints":{"allow":["GET"]}}],"collection":[{"href":"https:\/\/www.gumchemical.com\/index.php\/wp-json\/wp\/v2\/pages"}],"about":[{"href":"https:\/\/www.gumchemical.com\/index.php\/wp-json\/wp\/v2\/types\/page"}],"author":[{"embeddable":true,"href":"https:\/\/www.gumchemical.com\/index.php\/wp-json\/wp\/v2\/users\/3"}],"replies":[{"embeddable":true,"href":"https:\/\/www.gumchemical.com\/index.php\/wp-json\/wp\/v2\/comments?post=8350"}],"version-history":[{"count":3,"href":"https:\/\/www.gumchemical.com\/index.php\/wp-json\/wp\/v2\/pages\/8350\/revisions"}],"predecessor-version":[{"id":8351,"href":"https:\/\/www.gumchemical.com\/index.php\/wp-json\/wp\/v2\/pages\/8350\/revisions\/8351"}],"up":[{"embeddable":true,"href":"https:\/\/www.gumchemical.com\/index.php\/wp-json\/wp\/v2\/pages\/8163"}],"wp:attachment":[{"href":"https:\/\/www.gumchemical.com\/index.php\/wp-json\/wp\/v2\/media?parent=8350"}],"curies":[{"name":"wp","href":"https:\/\/api.w.org\/{rel}","templated":true}]}}