{"id":8354,"date":"2020-03-03T16:22:32","date_gmt":"2020-03-03T16:22:32","guid":{"rendered":"https:\/\/www.gumchemical.com\/index.php\/homepage\/elliotti-gum-rosin\/70ee\/"},"modified":"2020-05-25T10:32:52","modified_gmt":"2020-05-25T10:32:52","slug":"70ee","status":"publish","type":"page","link":"https:\/\/www.gumchemical.com\/index.php\/homepage\/elliotti-gum-rosin\/70ee\/?lang=pt-pt","title":{"rendered":"70EE"},"content":{"rendered":"<p>[vc_row top=&#8221;150px&#8221; bottom=&#8221;100px&#8221; row_separator=&#8221;row-shadow-bottom&#8221; bg_type=&#8221;image&#8221; speed=&#8221;0.35&#8243; bg_cover=&#8221;cover&#8221; bg_position=&#8221;Center center&#8221; bg_attachment=&#8221;fixed&#8221; bg_image=&#8221;6714&#8243;][vc_column width=&#8221;1\/4&#8243;][vc_single_image image=&#8221;7358&#8243; img_size=&#8221;medium&#8221;][vc_column_text]<span style=\"color: #ffffff;\"><strong>elliotti<\/strong> GUM ROSIN <strong>70EE<\/strong> \u00e9 uma resina de goma n\u00e3o cristalizante obtida por destila\u00e7\u00e3o molecular dos \u00e1cidos de resina de <strong>Pinus elliottii vr elliottii<\/strong>.<\/span><\/p>\n<p><span style=\"color: #ffffff;\"><strong>CARACTER\u00cdSTICAS<\/strong><\/span><br \/>\n<span style=\"color: #ffffff;\">Resina s\u00f3lida com uma cor amarela clara.<\/span><\/p>\n<p><span style=\"color: #ffffff;\">Esta resina foi especialmente concebida para aplica\u00e7\u00e3o em adesivos, nomeadamente adesivos para pavimentos e ceras depilat\u00f3rias.<\/span><br \/>\n<span style=\"color: #ffffff;\">Esta resina \u00e9 sol\u00favel em solventes de hidrocarbonetos arom\u00e1ticos e alif\u00e1ticos, \u00e9steres e cetonas e insol\u00favel em \u00e1gua.<\/span><br \/>\n<span style=\"color: #ffffff;\">Esta resina tem boa compatibilidade com borracha natural e sint\u00e9tica, pol\u00edmeros EVA, resinas de hidrocarbonetos e ceras.<\/span><\/p>\n<p><span style=\"color: #ffffff;\"><strong>APLICA\u00c7\u00d5ES<\/strong><\/span><br \/>\n<span style=\"color: #ffffff;\">\u00c9 especialmente recomendado para uso em adesivos, nomeadamente adesivos para pisos. Esta resina \u00e9 especialmente recomendada para formula\u00e7\u00f5es de cera depilat\u00f3ria. Esta resina pode ser usada na composi\u00e7\u00e3o de formula\u00e7\u00f5es em conformidade com baixo VOC, conforme Blue Angel e EC1.<\/span><\/p>\n<p><span style=\"color: #ffffff;\"><strong>REGULAT\u00d3RIO<\/strong><\/span><br \/>\n<span style=\"color: #ffffff;\">N\u00e3o aplic\u00e1vel<\/span><\/p>\n<p><span style=\"color: #ffffff;\"><strong>FORMAS DE FORNECIMENTO<\/strong><\/span><br \/>\n<span style=\"color: #ffffff;\">P\u00e9rolas: sacos de 25 Kg<\/span><br \/>\n<span style=\"color: #ffffff;\">P\u00e9rolas: em 1000 Kg &#8220;big bags&#8221;<\/span><\/p>\n<p><span style=\"color: #ffffff;\"><strong>VALIDADE<\/strong><\/span><br \/>\n<span style=\"color: #ffffff;\">Seis meses em condi\u00e7\u00f5es normais de armazenamento.<\/span>[\/vc_column_text][\/vc_column][vc_column width=&#8221;3\/4&#8243;][vc_empty_space height=&#8221;45px&#8221;][vc_single_image image=&#8221;8327&#8243; img_size=&#8221;large&#8221; css_animation=&#8221;appear&#8221;][vc_empty_space height=&#8221;100px&#8221;][vc_single_image image=&#8221;8212&#8243; img_size=&#8221;full&#8221; onclick=&#8221;custom_link&#8221; link=&#8221;https:\/\/www.gumchemical.com\/index.php\/homepage\/support\/?lang=pt-pt&#8221;][\/vc_column][\/vc_row]<\/p>\n","protected":false},"excerpt":{"rendered":"<p>[vc_row top=&#8221;150px&#8221; bottom=&#8221;100px&#8221; row_separator=&#8221;row-shadow-bottom&#8221; bg_type=&#8221;image&#8221; speed=&#8221;0.35&#8243; bg_cover=&#8221;cover&#8221; bg_position=&#8221;Center center&#8221; bg_attachment=&#8221;fixed&#8221; bg_image=&#8221;6714&#8243;][vc_column width=&#8221;1\/4&#8243;][vc_single_image image=&#8221;7358&#8243; img_size=&#8221;medium&#8221;][vc_column_text]elliotti GUM ROSIN 70EE \u00e9 uma resina de goma n\u00e3o cristalizante obtida por destila\u00e7\u00e3o molecular dos \u00e1cidos de resina de Pinus elliottii vr elliottii. CARACTER\u00cdSTICAS Resina s\u00f3lida com uma cor amarela clara. Esta resina foi especialmente concebida para aplica\u00e7\u00e3o em adesivos, nomeadamente adesivos para pavimentos e ceras depilat\u00f3rias. Esta resina \u00e9 sol\u00favel em solventes de hidrocarbonetos arom\u00e1ticos e alif\u00e1ticos, \u00e9steres e cetonas&#8230;  <\/p>\n<div class=\"read-more\"><a class=\"excerpt-read-more\" href=\"https:\/\/www.gumchemical.com\/index.php\/homepage\/elliotti-gum-rosin\/70ee\/?lang=pt-pt\" title=\"Continue reading 70EE\">Read more<i class=\"fa fa-angle-right\"><\/i><\/a><\/div>\n","protected":false},"author":3,"featured_media":0,"parent":8163,"menu_order":0,"comment_status":"closed","ping_status":"closed","template":"page-full-width.php","meta":{"footnotes":""},"class_list":["post-8354","page","type-page","status-publish","hentry"],"_links":{"self":[{"href":"https:\/\/www.gumchemical.com\/index.php\/wp-json\/wp\/v2\/pages\/8354","targetHints":{"allow":["GET"]}}],"collection":[{"href":"https:\/\/www.gumchemical.com\/index.php\/wp-json\/wp\/v2\/pages"}],"about":[{"href":"https:\/\/www.gumchemical.com\/index.php\/wp-json\/wp\/v2\/types\/page"}],"author":[{"embeddable":true,"href":"https:\/\/www.gumchemical.com\/index.php\/wp-json\/wp\/v2\/users\/3"}],"replies":[{"embeddable":true,"href":"https:\/\/www.gumchemical.com\/index.php\/wp-json\/wp\/v2\/comments?post=8354"}],"version-history":[{"count":4,"href":"https:\/\/www.gumchemical.com\/index.php\/wp-json\/wp\/v2\/pages\/8354\/revisions"}],"predecessor-version":[{"id":8363,"href":"https:\/\/www.gumchemical.com\/index.php\/wp-json\/wp\/v2\/pages\/8354\/revisions\/8363"}],"up":[{"embeddable":true,"href":"https:\/\/www.gumchemical.com\/index.php\/wp-json\/wp\/v2\/pages\/8163"}],"wp:attachment":[{"href":"https:\/\/www.gumchemical.com\/index.php\/wp-json\/wp\/v2\/media?parent=8354"}],"curies":[{"name":"wp","href":"https:\/\/api.w.org\/{rel}","templated":true}]}}