{"id":8445,"date":"2020-03-03T18:56:19","date_gmt":"2020-03-03T18:56:19","guid":{"rendered":"https:\/\/www.gumchemical.com\/index.php\/homepage\/pinaster-gum-rosin\/01ib\/"},"modified":"2020-05-25T11:01:27","modified_gmt":"2020-05-25T11:01:27","slug":"01ib","status":"publish","type":"page","link":"https:\/\/www.gumchemical.com\/index.php\/homepage\/pinaster-gum-rosin\/01ib\/?lang=pt-pt","title":{"rendered":"01IB"},"content":{"rendered":"<p>[vc_row top=&#8221;150px&#8221; bottom=&#8221;100px&#8221; row_separator=&#8221;row-shadow-bottom&#8221; bg_type=&#8221;image&#8221; speed=&#8221;0.35&#8243; bg_cover=&#8221;cover&#8221; bg_position=&#8221;Center center&#8221; bg_attachment=&#8221;fixed&#8221; bg_image=&#8221;6714&#8243;][vc_column width=&#8221;1\/4&#8243;][vc_single_image image=&#8221;7396&#8243; img_size=&#8221;medium&#8221;][vc_column_text]<span style=\"color: #ffffff;\"><strong>pinaster<\/strong> GUM ROSIN <strong>01IB<\/strong> \u00e9 uma resina de goma natural obtida por destila\u00e7\u00e3o a vapor de 100% goma bruta de <strong>Pinus Pinaster<\/strong>, de acordo com a esp\u00e9cie e a origem geogr\u00e1fica do pinheiro.<\/span><\/p>\n<p><span style=\"color: #ffffff;\"><strong>CARACTER\u00cdSTICAS<\/strong><\/span><br \/>\n<span style=\"color: #ffffff;\">\u00c9 uma resina s\u00f3lida com uma cor amarela clara.<\/span><\/p>\n<p><span style=\"color: #ffffff;\"><strong>APLICA\u00c7\u00d5ES<\/strong><\/span><br \/>\n<span style=\"color: #ffffff;\">Adesivos, Ind\u00fastria de papel, Borracha, Tintas, Ind\u00fastria de polimento.<\/span><br \/>\n<span style=\"color: #ffffff;\">Pigmentos, Fluxos de solda, Cosm\u00e9ticos.<\/span><br \/>\n<span style=\"color: #ffffff;\">Derivados de Colof\u00f3nia.<\/span><\/p>\n<p><span style=\"color: #ffffff;\"><strong>REGULAT\u00d3RIO<\/strong><\/span><br \/>\n<span style=\"color: #ffffff;\">N\u00e3o aplic\u00e1vel<\/span><\/p>\n<p><span style=\"color: #ffffff;\"><strong>FORMAS DE FORNECIMENTO<\/strong><\/span><br \/>\n<span style=\"color: #ffffff;\">Em Bloco: tambores met\u00e1licos de 240 Kg<\/span><\/p>\n<p><span style=\"color: #ffffff;\"><strong>VALIDADE<\/strong><\/span><br \/>\n<span style=\"color: #ffffff;\">Seis meses em condi\u00e7\u00f5es normais de armazenamento.<br \/>\n<\/span>[\/vc_column_text][\/vc_column][vc_column width=&#8221;3\/4&#8243;][vc_empty_space height=&#8221;40px&#8221;][vc_single_image image=&#8221;8398&#8243; img_size=&#8221;large&#8221; add_caption=&#8221;yes&#8221; css_animation=&#8221;appear&#8221;][vc_empty_space height=&#8221;80px&#8221;][vc_single_image image=&#8221;8212&#8243; img_size=&#8221;full&#8221; onclick=&#8221;custom_link&#8221; link=&#8221;https:\/\/www.gumchemical.com\/index.php\/homepage\/support\/?lang=pt-pt&#8221;][\/vc_column][\/vc_row]<\/p>\n","protected":false},"excerpt":{"rendered":"<p>[vc_row top=&#8221;150px&#8221; bottom=&#8221;100px&#8221; row_separator=&#8221;row-shadow-bottom&#8221; bg_type=&#8221;image&#8221; speed=&#8221;0.35&#8243; bg_cover=&#8221;cover&#8221; bg_position=&#8221;Center center&#8221; bg_attachment=&#8221;fixed&#8221; bg_image=&#8221;6714&#8243;][vc_column width=&#8221;1\/4&#8243;][vc_single_image image=&#8221;7396&#8243; img_size=&#8221;medium&#8221;][vc_column_text]pinaster GUM ROSIN 01IB \u00e9 uma resina de goma natural obtida por destila\u00e7\u00e3o a vapor de 100% goma bruta de Pinus Pinaster, de acordo com a esp\u00e9cie e a origem geogr\u00e1fica do pinheiro. CARACTER\u00cdSTICAS \u00c9 uma resina s\u00f3lida com uma cor amarela clara. APLICA\u00c7\u00d5ES Adesivos, Ind\u00fastria de papel, Borracha, Tintas, Ind\u00fastria de polimento. Pigmentos, Fluxos de solda, Cosm\u00e9ticos. Derivados de Colof\u00f3nia. REGULAT\u00d3RIO&#8230;  <\/p>\n<div class=\"read-more\"><a class=\"excerpt-read-more\" href=\"https:\/\/www.gumchemical.com\/index.php\/homepage\/pinaster-gum-rosin\/01ib\/?lang=pt-pt\" title=\"Continue reading 01IB\">Read more<i class=\"fa fa-angle-right\"><\/i><\/a><\/div>\n","protected":false},"author":3,"featured_media":0,"parent":8223,"menu_order":0,"comment_status":"closed","ping_status":"closed","template":"page-full-width.php","meta":{"footnotes":""},"class_list":["post-8445","page","type-page","status-publish","hentry"],"_links":{"self":[{"href":"https:\/\/www.gumchemical.com\/index.php\/wp-json\/wp\/v2\/pages\/8445","targetHints":{"allow":["GET"]}}],"collection":[{"href":"https:\/\/www.gumchemical.com\/index.php\/wp-json\/wp\/v2\/pages"}],"about":[{"href":"https:\/\/www.gumchemical.com\/index.php\/wp-json\/wp\/v2\/types\/page"}],"author":[{"embeddable":true,"href":"https:\/\/www.gumchemical.com\/index.php\/wp-json\/wp\/v2\/users\/3"}],"replies":[{"embeddable":true,"href":"https:\/\/www.gumchemical.com\/index.php\/wp-json\/wp\/v2\/comments?post=8445"}],"version-history":[{"count":3,"href":"https:\/\/www.gumchemical.com\/index.php\/wp-json\/wp\/v2\/pages\/8445\/revisions"}],"predecessor-version":[{"id":8679,"href":"https:\/\/www.gumchemical.com\/index.php\/wp-json\/wp\/v2\/pages\/8445\/revisions\/8679"}],"up":[{"embeddable":true,"href":"https:\/\/www.gumchemical.com\/index.php\/wp-json\/wp\/v2\/pages\/8223"}],"wp:attachment":[{"href":"https:\/\/www.gumchemical.com\/index.php\/wp-json\/wp\/v2\/media?parent=8445"}],"curies":[{"name":"wp","href":"https:\/\/api.w.org\/{rel}","templated":true}]}}