{"id":8568,"date":"2020-03-05T15:31:45","date_gmt":"2020-03-05T15:31:45","guid":{"rendered":"https:\/\/www.gumchemical.com\/index.php\/homepage\/certification-regulatory\/"},"modified":"2025-04-21T15:54:34","modified_gmt":"2025-04-21T15:54:34","slug":"certificacoes-regulatorio","status":"publish","type":"page","link":"https:\/\/www.gumchemical.com\/index.php\/homepage\/certificacoes-regulatorio\/?lang=pt-pt","title":{"rendered":"Certifica\u00e7\u00f5es \/ Regulat\u00f3rio"},"content":{"rendered":"<p>[vc_row top=&#8221;150px&#8221; bottom=&#8221;100px&#8221; bg_type=&#8221;image&#8221; speed=&#8221;0.40&#8243; bg_cover=&#8221;cover&#8221; bg_position=&#8221;&#8221; bg_attachment=&#8221;fixed&#8221; section_id=&#8221;top regulatory&#8221; bg_image=&#8221;7605&#8243;][vc_column width=&#8221;1\/2&#8243;][vc_column_text]<span style=\"color: #ffffff; font-size: 36px; font-weight: 400;\">Responsabilidade Corporativa<\/span><\/p>\n<p><span style=\"color: #ffffff; font-size: 18px; font-weight: 300;\">Na <strong>Gum Chemical<\/strong>, usamos as melhores pr\u00e1ticas, relacionadas a quest\u00f5es de seguran\u00e7a pessoal e ambiental, na fabrica\u00e7\u00e3o dos nossos produtos, que cumprem o esp\u00edrito da lei, padr\u00f5es \u00e9ticos e padr\u00f5es nacionais ou internacionais.<\/span>[\/vc_column_text][vc_empty_space][vc_button title=&#8221;SAIBA MAIS&#8221; size=&#8221;btn-medium&#8221; button_style=&#8221;minimal_style&#8221; color=&#8221;btn_white&#8221; border_radius=&#8221;hv_rounded&#8221; link=&#8221;url:https%3A%2F%2Fwww.gumchemical.com%2Findex.php%2Fhomepage%2Fsupport%2F%3Flang%3Dpt-pt|||&#8221;][\/vc_column][vc_column width=&#8221;1\/2&#8243;][\/vc_column][\/vc_row][vc_row top=&#8221;100px&#8221; bottom=&#8221;75px&#8221;][vc_column][vc_row_inner top=&#8221;0px&#8221; bottom=&#8221;15px&#8221;][vc_column_inner width=&#8221;1\/6&#8243;][\/vc_column_inner][vc_column_inner width=&#8221;1\/6&#8243;][vc_magic_image image=&#8221;7750&#8243; alignment=&#8221;center&#8221; img_link=&#8221;page_link&#8221; image_hover=&#8221;h_scale_up&#8221; css_animation=&#8221;appear&#8221; img_size=&#8221;thumbnail&#8221; link=&#8221;url:https%3A%2F%2Fwww.gumchemical.com%2Findex.php%2Fhomepage%2Fcertification-regulatory%2Freach%2F%3Flang%3Dpt-pt|||&#8221;][vc_empty_space height=&#8221;25px&#8221;][\/vc_column_inner][vc_column_inner width=&#8221;1\/6&#8243;][vc_magic_image image=&#8221;7742&#8243; alignment=&#8221;center&#8221; img_link=&#8221;page_link&#8221; image_hover=&#8221;h_scale_up&#8221; css_animation=&#8221;appear&#8221; img_size=&#8221;thumbnail&#8221; link=&#8221;url:https%3A%2F%2Fwww.gumchemical.com%2Findex.php%2Fhomepage%2Fcertification-regulatory%2Fclp%2F%3Flang%3Dpt-pt|||&#8221;][vc_empty_space height=&#8221;25px&#8221;][\/vc_column_inner][vc_column_inner width=&#8221;1\/6&#8243;][vc_magic_image image=&#8221;7744&#8243; alignment=&#8221;center&#8221; img_link=&#8221;page_link&#8221; image_hover=&#8221;h_scale_up&#8221; css_animation=&#8221;appear&#8221; img_size=&#8221;thumbnail&#8221; link=&#8221;url:https%3A%2F%2Fwww.gumchemical.com%2Findex.php%2Fhomepage%2Fcertification-regulatory%2Fkosher%2F%3Flang%3Dpt-pt|||&#8221;][vc_empty_space height=&#8221;25px&#8221;][\/vc_column_inner][vc_column_inner width=&#8221;1\/6&#8243;][vc_magic_image image=&#8221;7746&#8243; alignment=&#8221;center&#8221; img_link=&#8221;page_link&#8221; image_hover=&#8221;h_scale_up&#8221; css_animation=&#8221;appear&#8221; img_size=&#8221;thumbnail&#8221; link=&#8221;url:https%3A%2F%2Fwww.gumchemical.com%2Findex.php%2Fhomepage%2Fcertification-regulatory%2Fhalal%2F%3Flang%3Dpt-pt|||&#8221;][vc_empty_space height=&#8221;25px&#8221;][\/vc_column_inner][vc_column_inner width=&#8221;1\/6&#8243;][\/vc_column_inner][\/vc_row_inner][vc_row_inner top=&#8221;15px&#8221; bottom=&#8221;0px&#8221;][vc_column_inner width=&#8221;1\/6&#8243;][\/vc_column_inner][vc_column_inner width=&#8221;1\/6&#8243;][vc_magic_image image=&#8221;7736&#8243; alignment=&#8221;center&#8221; img_link=&#8221;page_link&#8221; image_hover=&#8221;h_scale_up&#8221; css_animation=&#8221;appear&#8221; img_size=&#8221;thumbnail&#8221; link=&#8221;url:https%3A%2F%2Fwww.gumchemical.com%2Findex.php%2Fhomepage%2Fcertification-regulatory%2Fiso9001%2F%3Flang%3Dpt-pt|||&#8221;][vc_empty_space height=&#8221;25px&#8221;][\/vc_column_inner][vc_column_inner width=&#8221;1\/6&#8243;][vc_magic_image image=&#8221;7738&#8243; alignment=&#8221;center&#8221; img_link=&#8221;page_link&#8221; image_hover=&#8221;h_scale_up&#8221; css_animation=&#8221;appear&#8221; img_size=&#8221;thumbnail&#8221; link=&#8221;url:https%3A%2F%2Fwww.gumchemical.com%2Findex.php%2Fhomepage%2Fcertification-regulatory%2Fiso14001%2F%3Flang%3Dpt-pt|||&#8221;][vc_empty_space height=&#8221;25px&#8221;][\/vc_column_inner][vc_column_inner width=&#8221;1\/6&#8243;][vc_magic_image image=&#8221;9336&#8243; alignment=&#8221;center&#8221; img_link=&#8221;page_link&#8221; image_hover=&#8221;h_scale_up&#8221; css_animation=&#8221;appear&#8221; img_size=&#8221;thumbnail&#8221; link=&#8221;url:https%3A%2F%2Fwww.gumchemical.com%2Findex.php%2Fhomepage%2Fcertificacoes-regulatorio%2Fiso-45001%2F%3Flang%3Dpt-pt|title:ISO%2045001||&#8221;][vc_empty_space height=&#8221;25px&#8221;][\/vc_column_inner][vc_column_inner width=&#8221;1\/6&#8243;][\/vc_column_inner][\/vc_row_inner][\/vc_column][\/vc_row]<\/p>\n","protected":false},"excerpt":{"rendered":"<p>[vc_row top=&#8221;150px&#8221; bottom=&#8221;100px&#8221; bg_type=&#8221;image&#8221; speed=&#8221;0.40&#8243; bg_cover=&#8221;cover&#8221; bg_position=&#8221;&#8221; bg_attachment=&#8221;fixed&#8221; section_id=&#8221;top regulatory&#8221; bg_image=&#8221;7605&#8243;][vc_column width=&#8221;1\/2&#8243;][vc_column_text]Responsabilidade Corporativa Na Gum Chemical, usamos as melhores pr\u00e1ticas, relacionadas a quest\u00f5es de seguran\u00e7a pessoal e ambiental, na fabrica\u00e7\u00e3o dos nossos produtos, que cumprem o esp\u00edrito da lei, padr\u00f5es \u00e9ticos e padr\u00f5es nacionais ou internacionais.[\/vc_column_text][vc_empty_space][vc_button title=&#8221;SAIBA MAIS&#8221; size=&#8221;btn-medium&#8221; button_style=&#8221;minimal_style&#8221; color=&#8221;btn_white&#8221; border_radius=&#8221;hv_rounded&#8221; link=&#8221;url:https%3A%2F%2Fwww.gumchemical.com%2Findex.php%2Fhomepage%2Fsupport%2F%3Flang%3Dpt-pt|||&#8221;][\/vc_column][vc_column width=&#8221;1\/2&#8243;][\/vc_column][\/vc_row][vc_row top=&#8221;100px&#8221; bottom=&#8221;75px&#8221;][vc_column][vc_row_inner top=&#8221;0px&#8221; bottom=&#8221;15px&#8221;][vc_column_inner width=&#8221;1\/6&#8243;][\/vc_column_inner][vc_column_inner width=&#8221;1\/6&#8243;][vc_magic_image image=&#8221;7750&#8243; alignment=&#8221;center&#8221; img_link=&#8221;page_link&#8221; image_hover=&#8221;h_scale_up&#8221; css_animation=&#8221;appear&#8221; img_size=&#8221;thumbnail&#8221; link=&#8221;url:https%3A%2F%2Fwww.gumchemical.com%2Findex.php%2Fhomepage%2Fcertification-regulatory%2Freach%2F%3Flang%3Dpt-pt|||&#8221;][vc_empty_space height=&#8221;25px&#8221;][\/vc_column_inner][vc_column_inner width=&#8221;1\/6&#8243;][vc_magic_image image=&#8221;7742&#8243; alignment=&#8221;center&#8221; img_link=&#8221;page_link&#8221; image_hover=&#8221;h_scale_up&#8221; css_animation=&#8221;appear&#8221; img_size=&#8221;thumbnail&#8221;&#8230;  <\/p>\n<div class=\"read-more\"><a class=\"excerpt-read-more\" href=\"https:\/\/www.gumchemical.com\/index.php\/homepage\/certificacoes-regulatorio\/?lang=pt-pt\" title=\"Continue reading Certifica\u00e7\u00f5es \/ Regulat\u00f3rio\">Read more<i class=\"fa fa-angle-right\"><\/i><\/a><\/div>\n","protected":false},"author":3,"featured_media":0,"parent":8140,"menu_order":0,"comment_status":"closed","ping_status":"closed","template":"page-full-width.php","meta":{"footnotes":""},"class_list":["post-8568","page","type-page","status-publish","hentry"],"_links":{"self":[{"href":"https:\/\/www.gumchemical.com\/index.php\/wp-json\/wp\/v2\/pages\/8568","targetHints":{"allow":["GET"]}}],"collection":[{"href":"https:\/\/www.gumchemical.com\/index.php\/wp-json\/wp\/v2\/pages"}],"about":[{"href":"https:\/\/www.gumchemical.com\/index.php\/wp-json\/wp\/v2\/types\/page"}],"author":[{"embeddable":true,"href":"https:\/\/www.gumchemical.com\/index.php\/wp-json\/wp\/v2\/users\/3"}],"replies":[{"embeddable":true,"href":"https:\/\/www.gumchemical.com\/index.php\/wp-json\/wp\/v2\/comments?post=8568"}],"version-history":[{"count":8,"href":"https:\/\/www.gumchemical.com\/index.php\/wp-json\/wp\/v2\/pages\/8568\/revisions"}],"predecessor-version":[{"id":13735,"href":"https:\/\/www.gumchemical.com\/index.php\/wp-json\/wp\/v2\/pages\/8568\/revisions\/13735"}],"up":[{"embeddable":true,"href":"https:\/\/www.gumchemical.com\/index.php\/wp-json\/wp\/v2\/pages\/8140"}],"wp:attachment":[{"href":"https:\/\/www.gumchemical.com\/index.php\/wp-json\/wp\/v2\/media?parent=8568"}],"curies":[{"name":"wp","href":"https:\/\/api.w.org\/{rel}","templated":true}]}}