{"id":8603,"date":"2020-03-09T17:50:56","date_gmt":"2020-03-09T17:50:56","guid":{"rendered":"https:\/\/www.gumchemical.com\/index.php\/homepage\/certificacoes-regulatorio\/iso14001\/"},"modified":"2026-02-11T17:46:51","modified_gmt":"2026-02-11T17:46:51","slug":"iso14001","status":"publish","type":"page","link":"https:\/\/www.gumchemical.com\/index.php\/homepage\/certificacoes-regulatorio\/iso14001\/?lang=pt-pt","title":{"rendered":"iso14001"},"content":{"rendered":"<p>[vc_row top=&#8221;180px&#8221; bottom=&#8221;150px&#8221; bg_type=&#8221;image&#8221; speed=&#8221;0.40&#8243; bg_cover=&#8221;cover&#8221; bg_position=&#8221;&#8221; bg_attachment=&#8221;fixed&#8221; bg_image=&#8221;7605&#8243;][vc_column width=&#8221;1\/6&#8243;][\/vc_column][vc_column width=&#8221;2\/3&#8243;][vc_row_inner top=&#8221;0px&#8221; bottom=&#8221;0px&#8221;][vc_column_inner width=&#8221;1\/2&#8243;][vc_single_image image=&#8221;7693&#8243; img_size=&#8221;250&#215;250&#8243; css_animation=&#8221;appear&#8221;][\/vc_column_inner][vc_column_inner width=&#8221;1\/2&#8243;][vc_empty_space height=&#8221;70px&#8221;][vc_single_image image=&#8221;8594&#8243; img_size=&#8221;200&#215;200&#8243; onclick=&#8221;custom_link&#8221; img_link_target=&#8221;_blank&#8221; css_animation=&#8221;right-to-left&#8221; link=&#8221;https:\/\/www.gumchemical.com\/wp-content\/uploads\/2026\/02\/GUM-CHEMICAL-SOLUTIONS-A-1297-ISO14001_Amb.pdf&#8221;][\/vc_column_inner][\/vc_row_inner][vc_empty_space height=&#8221;50px&#8221;][vc_column_text]<span style=\"font-size: 20px; font-weight: 400; color: #ffffff;\">A <strong>Gum Chemical<\/strong> implementou a norma ISO 14001 com o objetivo de gerir com cuidado, efici\u00eancia e responsabilidade todos os aspectos ambientais da sua actividade comercial, levando em considera\u00e7\u00e3o a protec\u00e7\u00e3o ambiental, a preven\u00e7\u00e3o de polui\u00e7\u00e3o, a conformidade legal e as necessidades socioecon\u00f3micas.<\/span><\/p>\n<p><span style=\"font-size: 20px; font-weight: 400; color: #ffffff;\">A empresa estabeleceu um compromisso com o uso racional de energia e recursos, reduzindo custos ao longo do tempo e, assim, desenvolver e melhorar o seu desempenho.<\/span>[\/vc_column_text][vc_empty_space height=&#8221;20px&#8221;][vc_column_text]<strong><span style=\"font-size: 20px; color: #ffffff;\">Contacte-nos para mais informa\u00e7\u00f5es!<\/span><\/strong>[\/vc_column_text][vc_empty_space height=&#8221;50px&#8221;][vc_button title=&#8221;envie-nos um email&#8221; size=&#8221;btn-medium&#8221; button_style=&#8221;minimal_style&#8221; color=&#8221;btn_white&#8221; border_radius=&#8221;hv_rounded&#8221; link=&#8221;url:https%3A%2F%2Fwww.gumchemical.com%2Findex.php%2Fhomepage%2Fsupport%2F%3Flang%3Dpt-pt|||&#8221;][\/vc_column][vc_column width=&#8221;1\/6&#8243;][\/vc_column][\/vc_row]<\/p>\n","protected":false},"excerpt":{"rendered":"<p>[vc_row top=&#8221;180px&#8221; bottom=&#8221;150px&#8221; bg_type=&#8221;image&#8221; speed=&#8221;0.40&#8243; bg_cover=&#8221;cover&#8221; bg_position=&#8221;&#8221; bg_attachment=&#8221;fixed&#8221; bg_image=&#8221;7605&#8243;][vc_column width=&#8221;1\/6&#8243;][\/vc_column][vc_column width=&#8221;2\/3&#8243;][vc_row_inner top=&#8221;0px&#8221; bottom=&#8221;0px&#8221;][vc_column_inner width=&#8221;1\/2&#8243;][vc_single_image image=&#8221;7693&#8243; img_size=&#8221;250&#215;250&#8243; css_animation=&#8221;appear&#8221;][\/vc_column_inner][vc_column_inner width=&#8221;1\/2&#8243;][vc_empty_space height=&#8221;70px&#8221;][vc_single_image image=&#8221;8594&#8243; img_size=&#8221;200&#215;200&#8243; onclick=&#8221;custom_link&#8221; img_link_target=&#8221;_blank&#8221; css_animation=&#8221;right-to-left&#8221; link=&#8221;https:\/\/www.gumchemical.com\/wp-content\/uploads\/2026\/02\/GUM-CHEMICAL-SOLUTIONS-A-1297-ISO14001_Amb.pdf&#8221;][\/vc_column_inner][\/vc_row_inner][vc_empty_space height=&#8221;50px&#8221;][vc_column_text]A Gum Chemical implementou a norma ISO 14001 com o objetivo de gerir com cuidado, efici\u00eancia e responsabilidade todos os aspectos ambientais da sua actividade comercial, levando em considera\u00e7\u00e3o a protec\u00e7\u00e3o ambiental, a preven\u00e7\u00e3o de polui\u00e7\u00e3o, a conformidade legal e as necessidades socioecon\u00f3micas. A empresa estabeleceu um compromisso com o&#8230;  <\/p>\n<div class=\"read-more\"><a class=\"excerpt-read-more\" href=\"https:\/\/www.gumchemical.com\/index.php\/homepage\/certificacoes-regulatorio\/iso14001\/?lang=pt-pt\" title=\"Continue reading iso14001\">Read more<i class=\"fa fa-angle-right\"><\/i><\/a><\/div>\n","protected":false},"author":3,"featured_media":0,"parent":8568,"menu_order":0,"comment_status":"closed","ping_status":"closed","template":"page-full-width.php","meta":{"footnotes":""},"class_list":["post-8603","page","type-page","status-publish","hentry"],"_links":{"self":[{"href":"https:\/\/www.gumchemical.com\/index.php\/wp-json\/wp\/v2\/pages\/8603","targetHints":{"allow":["GET"]}}],"collection":[{"href":"https:\/\/www.gumchemical.com\/index.php\/wp-json\/wp\/v2\/pages"}],"about":[{"href":"https:\/\/www.gumchemical.com\/index.php\/wp-json\/wp\/v2\/types\/page"}],"author":[{"embeddable":true,"href":"https:\/\/www.gumchemical.com\/index.php\/wp-json\/wp\/v2\/users\/3"}],"replies":[{"embeddable":true,"href":"https:\/\/www.gumchemical.com\/index.php\/wp-json\/wp\/v2\/comments?post=8603"}],"version-history":[{"count":5,"href":"https:\/\/www.gumchemical.com\/index.php\/wp-json\/wp\/v2\/pages\/8603\/revisions"}],"predecessor-version":[{"id":14209,"href":"https:\/\/www.gumchemical.com\/index.php\/wp-json\/wp\/v2\/pages\/8603\/revisions\/14209"}],"up":[{"embeddable":true,"href":"https:\/\/www.gumchemical.com\/index.php\/wp-json\/wp\/v2\/pages\/8568"}],"wp:attachment":[{"href":"https:\/\/www.gumchemical.com\/index.php\/wp-json\/wp\/v2\/media?parent=8603"}],"curies":[{"name":"wp","href":"https:\/\/api.w.org\/{rel}","templated":true}]}}